{"id":5124,"date":"2016-02-19T13:35:45","date_gmt":"2016-02-19T13:35:45","guid":{"rendered":"http:\/\/puzzlerbox.com\/levelup\/?page_id=5124"},"modified":"2025-05-14T15:23:26","modified_gmt":"2025-05-14T12:23:26","slug":"kontakti_stabimer","status":"publish","type":"page","link":"https:\/\/jurist.stabimer.ee\/ru\/kontakti_stabimer\/","title":{"rendered":"\u041a\u043e\u043d\u0442\u0430\u043a\u0442\u044b Stabimer \u00d5igusb\u00fcroo"},"content":{"rendered":"<div class=\"wpb-content-wrapper\"><p>[vc_row full_width=&#187;stretch_row_content_no_spaces&#187; equal_height=&#187;yes&#187; clean_padding=&#187;sm&#187; css=&#187;.vc_custom_1458133381863{margin-top: 40px !important;padding-top: 40px !important;}&#187;][vc_column width=&#187;1\/2&#8243; resoinsive_indent=&#187;xs&#187; css=&#187;.vc_custom_1479479471562{padding-right: 60px !important;padding-left: 60px !important;}&#187; offset=&#187;vc_col-lg-6 vc_col-md-12 vc_col-xs-12&#8243;][vc_empty_space height=&#187;50&#8243;][vc_custom_heading text=&#187;\u041a\u043e\u043d\u0442\u0430\u043a\u0442\u044b Stabimer \u00d5igusb\u00fcroo O\u00dc&#187; google_fonts=&#187;font_family:Open%20Sans%3A300%2C300italic%2Cregular%2Citalic%2C600%2C600italic%2C700%2C700italic%2C800%2C800italic|font_style:800%20bold%20regular%3A800%3Anormal&#187; font_container=&#187;tag:h1|font_size:40|text_align:left|color:%238c350c&#187; font_title_responsive=&#187;true&#187;][vc_empty_space height=&#187;20&#8243;][vc_row_inner css=&#187;.vc_custom_1455893069929{margin-top: 10px !important;margin-bottom: 30px !important;}&#187;][vc_column_inner width=&#187;1\/2&#8243; css=&#187;.vc_custom_1553616700308{padding-right: 40px !important;}&#187;][vc_raw_html css=&#187;&#187;]JTNDZGl2JTIwY2xhc3MlM0QlMjdrb250YWt0aSUyNyUzRSUwQSUzQ2gzJTNFJUQwJTlFJUQxJTgxJUQwJUJEJUQwJUJFJUQwJUIyJUQwJUJEJUQxJThCJUQwJUI1JTIwJUQwJUI0JUQwJUIwJUQwJUJEJUQwJUJEJUQxJThCJUQwJUI1JTNDJTJGaDMlM0UlMEElM0N1bCUzRSUwQSUyMCUyMCUzQ2xpJTNFJTNDYSUyMGhyZWYlM0QlMjJodHRwcyUzQSUyRiUyRnd3dy5nb29nbGUuY29tJTJGbWFwcyUyRnBsYWNlJTJGVHVsaWthJTJCMTljJTJDJTJCMTA2MTMlMkJUYWxsaW5uJTJGJTQwNTkuNDI4Njk2JTJDMjQuNzE5NzE2NCUyQzNhJTJDNzV5JTJDNzguMjdoJTJDOTB0JTJGZGF0YSUzRCUyMTNtNyUyMTFlMSUyMTNtNSUyMTFzbkh2enlmUUNwTS1fMlB5UW5YUjZzUSUyMTJlMCUyMTZzJTI1MkYlMjUyRmdlbzIuZ2dwaHQuY29tJTI1MkZjYmslMjUzRnBhbm9pZCUyNTNEbkh2enlmUUNwTS1fMlB5UW5YUjZzUSUyNTI2b3V0cHV0JTI1M0R0aHVtYm5haWwlMjUyNmNiX2NsaWVudCUyNTNEc2VhcmNoLlRBQ1RJTEUuZ3BzJTI1MjZ0aHVtYiUyNTNEMiUyNTI2dyUyNTNEODYlMjUyNmglMjUzRDg2JTI1MjZ5YXclMjUzRDc4LjI2NTA4JTI1MjZwaXRjaCUyNTNEMCUyNTI2dGh1bWJmb3YlMjUzRDEwMCUyMTdpMTMzMTIlMjE4aTY2NTYlMjE0bTUlMjEzbTQlMjExczB4NDY5Mjk0ODU4N2VjMTg5ZCUzQTB4NDE2NWEwYzQ5YzBhZDVkMyUyMThtMiUyMTNkNTkuNDI4NzMyNCUyMTRkMjQuNzIwMDk3MiUyMiUyMHRhcmdldCUzRCUyMl9ibGFuayUyMiUzRSUzQ2klMjBjbGFzcyUzRCUyMmZhJTIwZmEtbWFwLW1hcmtlciUyMiUyMGFyaWEtaGlkZGVuJTNEJTIydHJ1ZSUyMiUzRSUzQyUyRmklM0UlMjBUdWxpa2ElMjB0biUyMDE5JTJDJTIwNSUyMC0lMjAlRDElOEQlRDElODIlRDAlQjAlRDAlQjYlMkMlMjBDJTIwLSUyMCVEMCVCQSVEMCVCRSVEMSU4MCVEMCVCRiVEMSU4MyVEMSU4MSUyQyUyMDEwNjEzJTIwVGFsbGlubiUyQyUyMEVlc3RpJTNDJTJGYSUzRSUzQyUyRmxpJTNFJTBBJTBBJTBBJTBBJTBBJTNDbGklM0UlM0NhJTIwaHJlZiUzRCUyMnRlbCUzQSUyQjM3MjU2NDU3MDA4JTIyJTIwc3R5bGUlM0QlMjdmbG9hdCUzQSUyMGxlZnQlM0IlMjclM0UlM0NpJTIwY2xhc3MlM0QlMjJmYSUyMGZhLW1vYmlsZSUyMiUzRSUzQyUyRmklM0UlMjAlMjglMkIzNzIlMjklMjA1NiUyMDQ1JTIwNzAwOCUzQyUyRmElM0UlMjAlMjAlMEElMjAlMjAlMjAlMjAlM0NkaXYlMjBzdHlsZSUzRCUyMmRpc3BsYXklM0ElMjBpbmxpbmUtYmxvY2slM0IlMjIlM0UlMEElMjAlMjAlMjAlMjAlMjAlMjAlM0NhJTIwaHJlZiUzRCUyN3ZpYmVyJTNBJTJGJTJGY2hhdCUzRm51bWJlciUzRCUyQjM3MjU2NDU3MDA4JTI3JTIwc3R5bGUlM0QlMjJtYXJnaW4tbGVmdCUzQSUyMDEwcHglM0IlMjIlM0UlM0NpbWclMjBzcmMlM0QlMjclMkZ3cC1jb250ZW50JTJGdXBsb2FkcyUyRjIwMjIlMkYwNCUyRnZpYmVyLWljb24ucG5nJTI3JTIwY2xhc3MlM0QlMjdjaGF0LWljb25zJTI3JTIwJTJGJTNFJTNDJTJGYSUzRSUwQSUyMCUyMCUyMCUyMCUyMCUyMCUzQ2ElMjBocmVmJTNEJTI3aHR0cHMlM0ElMkYlMkZ3YS5tZSUyRiUyQjM3MjU2NDU3MDA4JTI3JTIwdGFyZ2V0JTNEJTIyX2JsYW5rJTIyJTIwc3R5bGUlM0QlMjJtYXJnaW4tbGVmdCUzQSUyMDEwcHglM0IlMjIlM0UlM0NpbWclMjBzcmMlM0QlMjclMkZ3cC1jb250ZW50JTJGdXBsb2FkcyUyRjIwMjIlMkYwNCUyRndoYXRzYXBwLWljb24ucG5nJTI3JTIwY2xhc3MlM0QlMjdjaGF0LWljb25zJTI3JTIwJTJGJTNFJTNDJTJGYSUzRSUwQSUyMCUyMCUyMCUyMCUyMCUyMCUzQ2ElMjBocmVmJTNEJTI3aHR0cHMlM0ElMkYlMkZ0Lm1lJTJGU3RhYmltZXIwNSUyNyUyMHRhcmdldCUzRCUyMl9ibGFuayUyMiUyMHN0eWxlJTNEJTIybWFyZ2luLWxlZnQlM0ElMjAxMHB4JTNCJTIyJTNFJTNDaW1nJTIwc3JjJTNEJTI3JTJGd3AtY29udGVudCUyRnVwbG9hZHMlMkYyMDIyJTJGMDQlMkZ0ZWxlZ3JhbS1pY29uLnBuZyUyNyUyMGNsYXNzJTNEJTI3Y2hhdC1pY29ucyUyNyUyMCUyRiUzRSUzQyUyRmElM0UlMEElMjAlMjAlMjAlMjAlM0MlMkZkaXYlM0UlMEElM0MlMkZsaSUzRSUwQSUwQSUwQSUwQSUzQ2xpJTNFJTNDYSUyMGhyZWYlM0QlMjJ0ZWwlM0ElMkIzNzI1NTE5MDA1JTIyJTIwc3R5bGUlM0QlMjdmbG9hdCUzQSUyMGxlZnQlM0IlMjBtYXJnaW4tcmlnaHQlM0ElMjA4cHglM0IlMjclM0UlM0NpJTIwY2xhc3MlM0QlMjJmYSUyMGZhLW1vYmlsZSUyMiUzRSUzQyUyRmklM0UlMjAlMjglMkIzNzIlMjklMjA1NSUyMDE5JTIwMDA1JTNDJTJGYSUzRSUyMCUyMCUyMCUyMCUwQSUyMCUyMCUzQ2RpdiUyMHN0eWxlJTNEJTIyZGlzcGxheSUzQSUyMGlubGluZS1ibG9jayUzQiUyMiUzRSUwQSUyMCUyMCUyMCUyMCUzQ2ElMjBocmVmJTNEJTI3dmliZXIlM0ElMkYlMkZjaGF0JTNGbnVtYmVyJTNEJTJCMzcyNTUxOTAwNSUyNyUyMHN0eWxlJTNEJTIybWFyZ2luLWxlZnQlM0ElMjAxMHB4JTNCJTIyJTNFJTNDaW1nJTIwc3JjJTNEJTI3JTJGd3AtY29udGVudCUyRnVwbG9hZHMlMkYyMDIyJTJGMDQlMkZ2aWJlci1pY29uLnBuZyUyNyUyMGNsYXNzJTNEJTI3Y2hhdC1pY29ucyUyNyUyMCUyRiUzRSUzQyUyRmElM0UlMEElMjAlMjAlMjAlMjAlM0NhJTIwaHJlZiUzRCUyN2h0dHBzJTNBJTJGJTJGd2EubWUlMkYlMkIzNzI1NTE5MDA1JTI3JTIwdGFyZ2V0JTNEJTIyX2JsYW5rJTIyJTIwc3R5bGUlM0QlMjJtYXJnaW4tbGVmdCUzQSUyMDEwcHglM0IlMjIlM0UlM0NpbWclMjBzcmMlM0QlMjclMkZ3cC1jb250ZW50JTJGdXBsb2FkcyUyRjIwMjIlMkYwNCUyRndoYXRzYXBwLWljb24ucG5nJTI3JTIwY2xhc3MlM0QlMjdjaGF0LWljb25zJTI3JTIwJTJGJTNFJTNDJTJGYSUzRSUwQSUyMCUyMCUyMCUyMCUzQ2ElMjBocmVmJTNEJTI3aHR0cHMlM0ElMkYlMkZ0Lm1lJTJGU3RhYmltZXI1JTI3JTIwdGFyZ2V0JTNEJTIyX2JsYW5rJTIyJTIwc3R5bGUlM0QlMjJtYXJnaW4tbGVmdCUzQSUyMDEwcHglM0IlMjIlM0UlM0NpbWclMjBzcmMlM0QlMjclMkZ3cC1jb250ZW50JTJGdXBsb2FkcyUyRjIwMjIlMkYwNCUyRnRlbGVncmFtLWljb24ucG5nJTI3JTIwY2xhc3MlM0QlMjdjaGF0LWljb25zJTI3JTIwJTJGJTNFJTNDJTJGYSUzRSUwQSUyMCUyMCUzQyUyRmRpdiUzRSUwQSUzQyUyRmxpJTNFJTBBJTBBJTBBJTBBJTBBJTBBJTBBJTNDbGklM0UlM0NhJTIwaHJlZiUzRCUyMnRlbCUzQSUyQjM3MjUxOTM2MDA1JTIyJTIwc3R5bGUlM0QlMjdmbG9hdCUzQSUyMGxlZnQlM0IlMjclM0UlM0NpJTIwY2xhc3MlM0QlMjJmYSUyMGZhLW1vYmlsZSUyMiUzRSUzQyUyRmklM0UlMjAlMjglMkIzNzIlMjklMjA1MSUyMDkzNiUyMDAwNSUzQyUyRmElM0UlMjAlMjAlMjAlMjAlMEElMjAlMjAlMjAlMjAlM0NkaXYlMjBzdHlsZSUzRCUyMmRpc3BsYXklM0ElMjBpbmxpbmUtYmxvY2slM0IlMjIlM0UlMEElMjAlMjAlMjAlMjAlMjAlMjAlM0NhJTIwaHJlZiUzRCUyN3ZpYmVyJTNBJTJGJTJGY2hhdCUzRm51bWJlciUzRCUyQjM3MjUxOTM2MDA1JTI3JTIwc3R5bGUlM0QlMjJtYXJnaW4tbGVmdCUzQSUyMDEwcHglM0IlMjIlM0UlM0NpbWclMjBzcmMlM0QlMjclMkZ3cC1jb250ZW50JTJGdXBsb2FkcyUyRjIwMjIlMkYwNCUyRnZpYmVyLWljb24ucG5nJTI3JTIwY2xhc3MlM0QlMjdjaGF0LWljb25zJTI3JTIwJTJGJTNFJTNDJTJGYSUzRSUwQSUyMCUyMCUyMCUyMCUyMCUyMCUzQ2ElMjBocmVmJTNEJTI3aHR0cHMlM0ElMkYlMkZ3YS5tZSUyRiUyQjM3MjUxOTM2MDA1JTI3JTIwdGFyZ2V0JTNEJTIyX2JsYW5rJTIyJTIwc3R5bGUlM0QlMjJtYXJnaW4tbGVmdCUzQSUyMDEwcHglM0IlMjIlM0UlM0NpbWclMjBzcmMlM0QlMjclMkZ3cC1jb250ZW50JTJGdXBsb2FkcyUyRjIwMjIlMkYwNCUyRndoYXRzYXBwLWljb24ucG5nJTI3JTIwY2xhc3MlM0QlMjdjaGF0LWljb25zJTI3JTIwJTJGJTNFJTNDJTJGYSUzRSUwQSUyMCUyMCUyMCUyMCUyMCUyMCUzQ2ElMjBocmVmJTNEJTI3aHR0cHMlM0ElMkYlMkZ0Lm1lJTJGU3RhYmltZXIlMjclMjB0YXJnZXQlM0QlMjJfYmxhbmslMjIlMjBzdHlsZSUzRCUyMm1hcmdpbi1sZWZ0JTNBJTIwMTBweCUzQiUyMiUzRSUzQ2ltZyUyMHNyYyUzRCUyNyUyRndwLWNvbnRlbnQlMkZ1cGxvYWRzJTJGMjAyMiUyRjA0JTJGdGVsZWdyYW0taWNvbi5wbmclMjclMjBjbGFzcyUzRCUyN2NoYXQtaWNvbnMlMjclMjAlMkYlM0UlM0MlMkZhJTNFJTBBJTIwJTIwJTIwJTIwJTNDJTJGZGl2JTNFJTBBJTNDJTJGbGklM0UlMEElMEElMEElMEElMjAlMjAlM0NsaSUzRSUzQ2ElMjBocmVmJTNEJTIydGVsJTNBJTJCMzcyNjUwNTAzNSUyMiUzRSUzQ2klMjBjbGFzcyUzRCUyMmZhJTIwZmEtcGhvbmUlMjIlM0UlM0MlMkZpJTNFJTIwJTI4JTJCMzcyJTI5JTIwNjUlMjAwNSUyMDAzNSUzQyUyRmElM0UlM0MlMkZsaSUzRSUwQSUyMCUyMCUzQ2xpJTNFJTNDYSUyMGhyZWYlM0QlMjJtYWlsdG8lM0FqdXJpc3QlNDBzdGFiaW1lci5lZSUyMiUzRSUzQ2klMjBjbGFzcyUzRCUyMmZhJTIwZmEtZW52ZWxvcGUtbyUyMiUzRSUzQyUyRmklM0UlMjBqdXJpc3QlNDBzdGFiaW1lci5lZSUzQyUyRmElM0UlM0MlMkZsaSUzRSUwQSUyMCUyMCUzQ2xpJTNFJTNDYSUyMGhyZWYlM0QlMjJodHRwcyUzQSUyRiUyRnRlYW1zLm1pY3Jvc29mdC5jb20lMkYlMjIlMjB0YXJnZXQlM0QlMjJfYmxhbmslMjIlM0UlM0NpbWclMjBzcmMlM0QlMjJodHRwcyUzQSUyRiUyRmp1cmlzdC5zdGFiaW1lci5lZSUyRndwLWNvbnRlbnQlMkZ1cGxvYWRzJTJGMjAyNSUyRjA1JTJGdGVhbXMucG5nJTIyJTIwYWx0JTNEJTIyVGVhbXMlMjIlMjBzdHlsZSUzRCUyMndpZHRoJTNBJTIwMjBweCUzQiUyMGhlaWdodCUzQSUyMDIwcHglM0IlMjB2ZXJ0aWNhbC1hbGlnbiUzQSUyMG1pZGRsZSUzQiUyMG1hcmdpbi1yaWdodCUzQSUyMDRweCUzQiUyMiUzRWp1cmlzdCU0MHN0YWJpbWVyLmVlJTNDJTJGYSUzRSUzQyUyRmxpJTNFJTIwJTBBJTIwJTIwJTNDbGklM0UlM0NpJTIwY2xhc3MlM0QlMjJmYSUyMGZhLWNsb2NrLW8lMjIlM0UlM0MlMkZpJTNFJTIwJUQwJTlGJUQwJUJFJUQwJUJEJUQwJUI1JUQwJUI0JUQwJUI1JUQwJUJCJUQxJThDJUQwJUJEJUQwJUI4JUQwJUJBJTIwLSUyMCVEMCU5RiVEMSU4RiVEMSU4MiVEMCVCRCVEMCVCOCVEMSU4NiVEMCVCMCUyMDA5JTNBMDAlMjAtJTIwMTclM0EwMCUzQyUyRmxpJTNFJTBBJTIwJTIwJTNDbGklM0UlM0NpJTIwY2xhc3MlM0QlMjJmYSUyMGZhLWNsb2NrLW8lMjIlM0UlM0MlMkZpJTNFJTIwJUQwJUExJUQxJTgzJUQwJUIxJUQwJUIxJUQwJUJFJUQxJTgyJUQwJUIwJTIwLSUyMCVEMCU5MiVEMCVCRSVEMSU4MSVEMCVCQSVEMSU4MCVEMCVCNSVEMSU4MSVEMCVCNSVEMCVCRCVEMSU4QyVEMCVCNSUyMCUzQ3NwYW4lMjBzdHlsZSUzRCUyN2ZvbnQtd2VpZ2h0JTNBNjAwJTNCdGV4dC1kZWNvcmF0aW9uJTNBdW5kZXJsaW5lJTNCJTI3JTNFJUQwJUJGJUQwJUJFJTIwJUQwJUI0JUQwJUJFJUQwJUIzJUQwJUJFJUQwJUIyJUQwJUJFJUQxJTgwJUQwJUI1JUQwJUJEJUQwJUJEJUQwJUJFJUQxJTgxJUQxJTgyJUQwJUI4JTNDJTJGc3BhbiUzRSUzQyUyRmxpJTNFJTBBJTNDJTJGdWwlM0UlMEElM0MlMkZkaXYlM0U=[\/vc_raw_html][\/vc_column_inner][vc_column_inner width=&#187;1\/2&#8243;][vc_column_text]<\/p>\n<h3>Stabimer \u00d5igusb\u00fcroo O\u00dc<\/h3>\n<p>Registrikood: 11811374<br \/>\n<span style=\"font-weight: 400;\">KMKR:<\/span><span style=\"font-weight: 400;\"> EE101376455<\/span><\/p>\n<p><strong>AS SEB Pank<\/strong><br \/>\nSEB Pank: Tornim\u00e4e 2, Tallinn, 15010<br \/>\nIBAN: EE 601 010 220 109 070 015<br \/>\nBIC: EEUHEE2X<\/p>\n<p><strong>Swedbank AS<\/strong><br \/>\nSWED Pank: Liivalaia 8, Tallinn, 15040<br \/>\nIBAN: EE 252 200 221 061 805 382<br \/>\nBIC: HABAEE2X[\/vc_column_text][\/vc_column_inner][\/vc_row_inner][vc_separator color=&#187;#cccccc&#187; width_in_percentages=&#187;yes&#187; css=&#187;.vc_custom_1455889354379{margin-top: 5% !important;margin-bottom: 5% !important;}&#187;][vc_column_text]<\/p>\n<h3 style=\"text-align: left;\" align=\"center\"><i class=\"fa fa-car\"><\/i> <strong>NB!<\/strong>\u00a0\u0411\u043e\u043b\u044c\u0448\u0430\u044f \u043f\u0430\u0440\u043a\u043e\u0432\u043a\u0430 \u0432\u043e \u0434\u0432\u043e\u0440\u0435.<\/h3>\n<p>\u0412 \u0444\u043e\u0439\u0435 \u0410,\u0412 \u0438 \u0421 \u043a\u043e\u0440\u043f\u0443\u0441\u0430 \u043d\u0430\u0445\u043e\u0434\u044f\u0442\u0441\u044f \u043f\u0430\u0440\u043a\u043e\u0432\u043e\u0447\u043d\u044b\u0435 \u043a\u0438\u043e\u0441\u043a\u0438, \u0433\u0434\u0435 \u043b\u044e\u0431\u043e\u0439 \u043f\u043e\u0441\u0435\u0442\u0438\u0442\u0435\u043b\u044c \u0437\u0434\u0430\u043d\u0438\u044f \u043c\u043e\u0436\u0435\u0442 \u0432\u0432\u0435\u0441\u0442\u0438 \u0440\u0435\u0433\u0438\u0441\u0442\u0440\u0430\u0446\u0438\u043e\u043d\u043d\u044b\u0439 \u043d\u043e\u043c\u0435\u0440 \u0441\u0432\u043e\u0435\u0433\u043e \u0430\u0432\u0442\u043e\u043c\u043e\u0431\u0438\u043b\u044f. <strong>\u0412\u0432\u0435\u0434\u0435\u043d\u0438\u0435 \u0440\u0435\u0433\u0438\u0441\u0442\u0440\u0430\u0446\u0438\u043e\u043d\u043d\u043e\u0433\u043e \u043d\u043e\u043c\u0435\u0440\u0430 \u0432 \u043a\u0438\u043e\u0441\u043a \u0434\u0430\u0435\u0442 \u043f\u0440\u0430\u0432\u043e \u043f\u0430\u0440\u043a\u043e\u0432\u0430\u0442\u044c\u0441\u044f<\/strong> \u043d\u0430 \u0442\u0435\u0440\u0440\u0438\u0442\u043e\u0440\u0438\u0438 \u043f\u0440\u0438\u043b\u0435\u0433\u0430\u044e\u0449\u0435\u0439 \u043f\u0430\u0440\u043a\u043e\u0432\u043a\u0438 <strong>\u0431\u0435\u0441\u043f\u043b\u0430\u0442\u043d\u043e<\/strong> \u0434\u043e 30 \u043c\u0438\u043d\u0443\u0442 \u0432 \u0441\u0443\u0442\u043a\u0438. \u0421\u0442\u043e\u0438\u043c\u043e\u0441\u0442\u044c \u043a\u0430\u0436\u0434\u043e\u0433\u043e \u043f\u043e\u0441\u043b\u0435\u0434\u0443\u044e\u0449\u0435\u0433\u043e \u0447\u0430\u0441\u0430 \u2013 1 \u0435\u0432\u0440\u043e.<\/p>\n<p>\u0421 \u043f\u0430\u0440\u043a\u043e\u0432\u043e\u0447\u043d\u044b\u043c\u0438 \u0447\u0430\u0441\u0430\u043c\u0438 \u043c\u043e\u0436\u043d\u043e \u0431\u0435\u0441\u043f\u043b\u0430\u0442\u043d\u043e \u043f\u0440\u0438\u043f\u0430\u0440\u043a\u043e\u0432\u0430\u0442\u044c \u0430\u0432\u0442\u043e\u043c\u043e\u0431\u0438\u043b\u044c \u043d\u0430 15 \u043c\u0438\u043d\u0443\u0442.<br \/>\n<strong>NB! \u0411\u043b\u0438\u0436\u0430\u0439\u0448\u0430\u044f \u0431\u043e\u043b\u044c\u0448\u0430\u044f \u0431\u0435\u0441\u043f\u043b\u0430\u0442\u043d\u0430\u044f \u043f\u0430\u0440\u043a\u043e\u0432\u043a\u0430 \u043d\u0430\u0445\u043e\u0434\u0438\u0442\u0441\u044f \u0432 100 \u043c\u0435\u0442\u0440\u0430\u0445 \u043e\u043a\u043e\u043b\u043e \u0442\u043e\u0440\u0433\u043e\u0432\u043e\u0433\u043e \u0446\u0435\u043d\u0442\u0440\u0430 \u00abKristiine Keskus\u00bb<\/strong>[\/vc_column_text][vc_separator color=&#187;#cccccc&#187; width_in_percentages=&#187;yes&#187; css=&#187;.vc_custom_1455889354379{margin-top: 5% !important;margin-bottom: 5% !important;}&#187;][vc_column_text css=&#187;.vc_custom_1512378081361{margin-bottom: 40px !important;}&#187;]<\/p>\n<h3><strong>\u041f\u0440\u043e\u0435\u0437\u0434 \u043e\u0431\u0449\u0435\u0441\u0442\u0432\u0435\u043d\u043d\u044b\u043c \u0442\u0440\u0430\u043d\u0441\u043f\u043e\u0440\u0442\u043e\u043c<\/strong><\/h3>\n<p><strong>\u0418\u0437 \u0446\u0435\u043d\u0442\u0440\u0430 \u0433\u043e\u0440\u043e\u0434\u0430 Kesklinn:<\/strong> \u0410\u0432\u0442\u043e\u0431\u0443\u0441 \u2116 16, \u2116 17, \u2116 17\u0410, \u2116 23, \u043e\u0441\u0442\u0430\u043d\u043e\u0432\u043a\u0430 \u00abTaksopark\u00bb<br \/>\n<strong>\u0418\u0437 Mustam\u00e4e:<\/strong> \u0422\u0440\u043e\u043b\u043b\u0435\u0439\u0431\u0443\u0441 \u2116 3, \u2116 4, \u043e\u0441\u0442\u0430\u043d\u043e\u0432\u043a\u0430 \u00abTaksopark\u00bb<br \/>\n\u0410\u0432\u0442\u043e\u0431\u0443\u0441 \u2116 16, \u2116 17, \u2116 17\u0410, \u2116 23, \u2116 24, \u2116 24\u0410, \u043e\u0441\u0442\u0430\u043d\u043e\u0432\u043a\u0430 \u00abTaksopark\u00bb<br \/>\n<strong>\u0418\u0437 \u00d5ism\u00e4e:<\/strong> \u0410\u0432\u0442\u043e\u0431\u0443\u0441 \u2116 16, \u2116 47, \u2116 42, \u043e\u0441\u0442\u0430\u043d\u043e\u0432\u043a\u0430 \u00abTaksopark\u00bb<br \/>\n<strong>\u0418\u0437 Kopli:<\/strong> \u0410\u0432\u0442\u043e\u0431\u0443\u0441 \u2116 32, \u2116 72, \u043e\u0441\u0442\u0430\u043d\u043e\u0432\u043a\u0430 \u00ab\u00dclase\u00bb\/\u00abTaksopark\u00bb[\/vc_column_text][\/vc_column][vc_column width=&#187;1\/2&#8243; offset=&#187;vc_hidden-md vc_hidden-sm vc_hidden-xs&#187;][vc_column_text]\n            <div \n                class=\"elfsight-widget-google-maps elfsight-widget\" \n                data-elfsight-google-maps-options=\"%7B%22categoriesEnabled%22%3Afalse%2C%22categories%22%3A%5B%5D%2C%22icons%22%3A%5B%5D%2C%22lang%22%3A%22en%22%2C%22distanceUnits%22%3A%22km%22%2C%22markers%22%3A%5B%7B%22position%22%3A%2259.428747%2C%2024.720097%22%2C%22coordinates%22%3A%2259.428747%2C%2024.720097%22%2C%22icon%22%3A%22default%22%2C%22iconUrl%22%3A%22%22%2C%22infoWindow%22%3Atrue%2C%22infoTitle%22%3A%22Stabimer%20%5Cu00d5igusb%5Cu00fcroo%20O%5Cu00dc%22%2C%22infoDescription%22%3A%22%22%2C%22infoImage%22%3A%22https%3A%5C%2F%5C%2Fjurist.stabimer.ee%5C%2Fwp-content%5C%2Fuploads%5C%2F2019%5C%2F06%5C%2F1.jpg%22%2C%22infoAddress%22%3A%22Tulika%2019c%2C%2010613%20Tallinn%22%2C%22infoSite%22%3A%22%22%2C%22infoPhone%22%3A%22%22%2C%22infoEmail%22%3A%22%22%2C%22infoWorkingHours%22%3A%22%22%2C%22infoWindowOpenedByDefault%22%3Atrue%2C%22markerClickAction%22%3A%22infoWindow%22%2C%22animation%22%3A%22drop%22%2C%22linkUrl%22%3A%22%22%2C%22category%22%3A%22%22%7D%5D%2C%22mapType%22%3A%22roadmap%22%2C%22center%22%3A%22auto%22%2C%22zoom%22%3A%22auto%22%2C%22controls%22%3A%5B%22zoom%22%2C%22mapType%22%2C%22streetView%22%2C%22rotate%22%2C%22fullScreen%22%2C%22scale%22%5D%2C%22markerClusterEnabled%22%3Afalse%2C%22markerClusterZoom%22%3Afalse%2C%22markerClusterMin%22%3A2%2C%22markerClusterIcon%22%3A%22default%22%2C%22markerClusterIconColor%22%3A%22%22%2C%22markerClusterIconUrl%22%3Anull%2C%22markerClusterSize%22%3A52%2C%22infoDirections%22%3Atrue%2C%22directionsTarget%22%3A%22inline%22%2C%22scrollwheel%22%3Afalse%2C%22draggable%22%3Atrue%2C%22layers%22%3A%5B%5D%2C%22width%22%3A%22auto%22%2C%22height%22%3A%221250%22%2C%22panelEnabled%22%3Afalse%2C%22panelOpenByDefault%22%3Atrue%2C%22panelSearchVisible%22%3Atrue%2C%22panelSearchBy%22%3A%22markers%22%2C%22panelSearchPlaceholder%22%3A%22%22%2C%22panelListItemElements%22%3A%5B%22title%22%2C%22category%22%2C%22image%22%2C%22address%22%2C%22phone%22%2C%22workingHours%22%5D%2C%22mainColor%22%3A%22rgb%28140%2C%2053%2C%2012%29%22%2C%22style%22%3A%22default%22%2C%22colorGeometry%22%3A%22%22%2C%22colorLabelsTextFill%22%3A%22%22%2C%22colorLabelsTextStroke%22%3A%22%22%2C%22colorAdministrativeGeometryStroke%22%3A%22%22%2C%22colorAdministrativeLandParcel%22%3A%22%22%2C%22colorLandscapeNaturalGeometry%22%3A%22%22%2C%22colorPoiGeometry%22%3A%22%22%2C%22colorPoiLabelsTextFill%22%3A%22%22%2C%22colorPoiParkGeometryFill%22%3A%22%22%2C%22colorPoiParkLabelsTextFill%22%3A%22%22%2C%22colorRoadGeometry%22%3A%22%22%2C%22colorRoadArterial%22%3A%22%22%2C%22colorRoadHighway%22%3A%22%22%2C%22colorRoadHighwayGeometryStroke%22%3A%22%22%2C%22colorRoadHighwayControlledAccessGeometry%22%3A%22%22%2C%22colorRoadHighwayControlledAccessGeometryStroke%22%3A%22%22%2C%22colorRoadLocalLabelsTextFill%22%3A%22%22%2C%22colorTransitLineGeometry%22%3A%22%22%2C%22colorTransitLineLabelsTextFill%22%3A%22%22%2C%22colorTransitLineLabelsTextStroke%22%3A%22%22%2C%22colorTransitStationGeometry%22%3A%22%22%2C%22colorWaterGeometryFill%22%3A%22%22%2C%22colorWaterLabelTextFill%22%3A%22%22%2C%22customGoogleMapsStyles%22%3A%22%22%2C%22apiKey%22%3A%22AIzaSyB16NRv4YHOhO4cKtPdVExUYrbtDBg0rL4%22%2C%22widgetId%22%3A%221%22%7D\" \n                data-elfsight-google-maps-version=\"2.2.0\"\n                data-elfsight-widget-id=\"elfsight-google-maps-1\">\n            <\/div>\n            [\/vc_column_text][\/vc_column][\/vc_row]<\/p>\n<\/div>","protected":false},"excerpt":{"rendered":"<p>[vc_row full_width=&#187;stretch_row_content_no_spaces&#187; equal_height=&#187;yes&#187; clean_padding=&#187;sm&#187; css=&#187;.vc_custom_1458133381863{margin-top: 40px !important;padding-top: 40px !important;}&#187;][vc_column width=&#187;1\/2&#8243; resoinsive_indent=&#187;xs&#187; css=&#187;.vc_custom_1479479471562{padding-right: 60px !important;padding-left: 60px !important;}&#187; offset=&#187;vc_col-lg-6 vc_col-md-12 vc_col-xs-12&#8243;][vc_empty_space height=&#187;50&#8243;][vc_custom_heading text=&#187;\u041a\u043e\u043d\u0442\u0430\u043a\u0442\u044b Stabimer \u00d5igusb\u00fcroo O\u00dc&#187; google_fonts=&#187;font_family:Open%20Sans%3A300%2C300italic%2Cregular%2Citalic%2C600%2C600italic%2C700%2C700italic%2C800%2C800italic|font_style:800%20bold%20regular%3A800%3Anormal&#187; font_container=&#187;tag:h1|font_size:40|text_align:left|color:%238c350c&#187; font_title_responsive=&#187;true&#187;][vc_empty_space height=&#187;20&#8243;][vc_row_inner css=&#187;.vc_custom_1455893069929{margin-top: 10px [&hellip;]<\/p>\n","protected":false},"author":1,"featured_media":12604,"parent":0,"menu_order":0,"comment_status":"closed","ping_status":"closed","template":"","meta":{"footnotes":""},"class_list":["post-5124","page","type-page","status-publish","has-post-thumbnail","hentry"],"_links":{"self":[{"href":"https:\/\/jurist.stabimer.ee\/ru\/wp-json\/wp\/v2\/pages\/5124","targetHints":{"allow":["GET"]}}],"collection":[{"href":"https:\/\/jurist.stabimer.ee\/ru\/wp-json\/wp\/v2\/pages"}],"about":[{"href":"https:\/\/jurist.stabimer.ee\/ru\/wp-json\/wp\/v2\/types\/page"}],"author":[{"embeddable":true,"href":"https:\/\/jurist.stabimer.ee\/ru\/wp-json\/wp\/v2\/users\/1"}],"replies":[{"embeddable":true,"href":"https:\/\/jurist.stabimer.ee\/ru\/wp-json\/wp\/v2\/comments?post=5124"}],"version-history":[{"count":3,"href":"https:\/\/jurist.stabimer.ee\/ru\/wp-json\/wp\/v2\/pages\/5124\/revisions"}],"predecessor-version":[{"id":16340,"href":"https:\/\/jurist.stabimer.ee\/ru\/wp-json\/wp\/v2\/pages\/5124\/revisions\/16340"}],"wp:featuredmedia":[{"embeddable":true,"href":"https:\/\/jurist.stabimer.ee\/ru\/wp-json\/wp\/v2\/media\/12604"}],"wp:attachment":[{"href":"https:\/\/jurist.stabimer.ee\/ru\/wp-json\/wp\/v2\/media?parent=5124"}],"curies":[{"name":"wp","href":"https:\/\/api.w.org\/{rel}","templated":true}]}}