{"id":10255,"date":"2016-11-02T14:32:55","date_gmt":"2016-11-02T14:32:55","guid":{"rendered":"http:\/\/jurist.stabimer.ee\/?page_id=10255"},"modified":"2025-11-11T07:21:36","modified_gmt":"2025-11-11T05:21:36","slug":"online_konsultacija_jurista","status":"publish","type":"page","link":"https:\/\/jurist.stabimer.ee\/ru\/online_konsultacija_jurista\/","title":{"rendered":"\u041e\u043d\u043b\u0430\u0439\u043d \u043a\u043e\u043d\u0441\u0443\u043b\u044c\u0442\u0430\u0446\u0438\u044f \u044e\u0440\u0438\u0441\u0442\u0430"},"content":{"rendered":"<div class=\"wpb-content-wrapper\"><p>[vc_row full_width=&#187;stretch_row&#187; css_tabs=&#187;&#187; css=&#187;.vc_custom_1762838492017{padding-top: 70px !important;padding-bottom: 50px !important;background-image: url(https:\/\/jurist.stabimer.ee\/wp-content\/uploads\/2016\/11\/slider1-11.jpg?id=12922) !important;background-position: center !important;background-repeat: no-repeat !important;background-size: cover !important;}&#187; el_class=&#187;titlearea&#187;][vc_column width=&#187;1\/2&#8243;][vc_empty_space height=&#187;90px&#187;][vc_custom_heading source=&#187;post_title&#187; use_theme_fonts=&#187;yes&#187; font_container=&#187;tag:h1|font_size:35px|text_align:left|color:%238c350c|line_height:35px&#187; font_title_responsive=&#187;true&#187;][vc_column_text]<strong><span style=\"color: #8c350c;\">Stabimer \u00d5igusb\u00fcroo O\u00dc<\/span><\/strong><br \/>\n<strong><span style=\"color: #8c350c;\">Registrikood: 11811374<\/span><\/strong><br \/>\n<strong><span style=\"color: #8c350c;\">KMKR: EE101376455<\/span><\/strong>[\/vc_column_text][vc_empty_space height=&#187;90px&#187;][\/vc_column][vc_column width=&#187;1\/2&#8243;][\/vc_column][\/vc_row][vc_row full_width=&#187;stretch_row&#187; css=&#187;.vc_custom_1721300833409{background-color: #8c350c !important;}&#187; el_class=&#187;breadcrumbs&#187;][vc_column][vc_column_text]<nav aria-label=\"breadcrumbs\" class=\"rank-math-breadcrumb\"><p><span class=\"last\">\u00d5igusb\u00fcroo<\/span><\/p><\/nav>[\/vc_column_text][\/vc_column][\/vc_row][vc_row el_class=&#187;ggww&#187; css=&#187;.vc_custom_1478009997027{margin-top: 25px !important;margin-bottom: 25px !important;}&#187;][vc_column width=&#187;2\/3&#8243; el_class=&#187;ggww&#187;][vc_column_text el_class=&#187;h3toh2&#8243;]<\/p>\n<h2>\u041e\u043d\u043b\u0430\u0439\u043d \u043a\u043e\u043d\u0441\u0443\u043b\u044c\u0442\u0430\u0446\u0438\u044f \u044e\u0440\u0438\u0441\u0442\u0430<\/h2>\n<p>&#8212; \u041a\u043e\u043d\u0441\u0443\u043b\u044c\u0442\u0430\u0446\u0438\u044f \u044e\u0440\u0438\u0441\u0442\u0430 \u043e\u043d\u043b\u0430\u0439\u043d \u043f\u043e\u0437\u0432\u043e\u043b\u0438\u0442 \u0412\u0430\u043c \u043f\u043e\u043b\u0443\u0447\u0438\u0442\u044c \u043a\u0432\u0430\u043b\u0438\u0444\u0438\u0446\u0438\u0440\u043e\u0432\u0430\u043d\u043d\u044b\u0439 \u043e\u0442\u0432\u0435\u0442 \u0437\u0430 \u043c\u0438\u043d\u0438\u043c\u0430\u043b\u044c\u043d\u043e\u0435 \u0434\u0435\u043d\u0435\u0436\u043d\u043e\u0435 \u0432\u043e\u0437\u043d\u0430\u0433\u0440\u0430\u0436\u0434\u0435\u043d\u0438\u0435<br \/>\n&#8212;\u00a0K\u043b\u0438\u0435\u043d\u0442\u044b, \u043a\u043e\u0442\u043e\u0440\u044b\u0435 \u0432\u043e\u0441\u043f\u043e\u043b\u044c\u0437\u043e\u0432\u0430\u043b\u0438\u0441\u044c \u043e\u043d\u043b\u0430\u0439\u043d\u00a0 \u043a\u043e\u043d\u0441\u0443\u043b\u044c\u0442\u0430\u0446\u0438\u0435\u0439 \u0431\u043e\u043b\u0435\u0435 \u0447\u0435\u043c <strong>5<\/strong> \u0440\u0430\u0437 \u0432 \u043c\u0435\u0441\u044f\u0446, \u0438\u043c\u0435\u044e\u0442 \u0432\u043e\u0437\u043c\u043e\u0436\u043d\u043e\u0441\u0442\u044c \u043f\u043e\u043b\u0443\u0447\u0438\u0442\u044c \u043f\u043e\u0441\u043b\u0435\u0434\u0443\u044e\u0449\u0438\u0435 \u043a\u043e\u043d\u0441\u0443\u043b\u044c\u0442\u0430\u0446\u0438\u0438\u00a0 \u0441 <strong>15%<\/strong> \u0441\u043a\u0438\u0434\u043a\u043e\u0439 \u043e\u0442 \u0431\u0430\u0437\u043e\u0432\u043e\u0439 \u0446\u0435\u043d\u044b. \u0414\u043b\u044f \u043f\u043e\u0441\u0442\u043e\u044f\u043d\u043d\u044b\u0445 \u043a\u043b\u0438\u0435\u043d\u0442\u043e\u0432 (\u0437\u0430\u043a\u043b\u044e\u0447\u0438\u0432\u0448\u0438\u0445 \u043a\u043b\u0438\u0435\u043d\u0442\u0441\u043a\u0438\u0439 \u0434\u043e\u0433\u043e\u0432\u043e\u0440) on-line \u043a\u043e\u043d\u0441\u0443\u043b\u044c\u0442\u0430\u0446\u0438\u044f \u0431\u0435\u0441\u043f\u043b\u0430\u0442\u043d\u0430. \u0415\u0441\u043b\u0438 \u0412\u044b \u0436\u0435\u043b\u0430\u0435\u0442\u0435 \u0437\u0430\u043a\u043b\u044e\u0447\u0438\u0442\u044c \u0434\u043e\u0433\u043e\u0432\u043e\u0440 \u043d\u0430 \u043e\u0431\u0441\u043b\u0443\u0436\u0438\u0432\u0430\u043d\u0438\u0435, \u0442\u043e \u0437\u0432\u043e\u043d\u0438\u0442\u0435 \u043f\u043e \u0442\u0435\u043b\u0435\u0444\u043e\u043d\u0430\u043c\u00a0 (+372) 56 45 7008;\u00a0 (+372) 65 05 035.<br \/>\n&#8212; <strong>\u041e\u043d\u043b\u0430\u0439\u043d\u00a0\u043a\u043e\u043d\u0441\u0443\u043b\u044c\u0442\u0430\u0446\u0438\u044f\u00a0 \u043f\u0440\u0435\u0434\u043d\u0430\u0437\u043d\u0430\u0447\u0435\u043d\u0430, \u043f\u0440\u0435\u0436\u0434\u0435 \u0432\u0441\u0435\u0433\u043e,\u00a0 \u0434\u043b\u044f \u043a\u043e\u043d\u0441\u0443\u043b\u044c\u0442\u0438\u0440\u043e\u0432\u0430\u043d\u0438\u044f \u043f\u043e \u043d\u0430\u0438\u0431\u043e\u043b\u0435\u0435 \u043e\u0431\u0449\u0438\u043c \u0432\u043e\u043f\u0440\u043e\u0441\u0430\u043c \u043f\u0440\u0430\u0432\u0430, \u043d\u0435 \u0442\u0440\u0435\u0431\u0443\u044e\u0449\u0438\u043c \u0438\u0437\u0443\u0447\u0435\u043d\u0438\u044f \u043a\u043e\u043d\u043a\u0440\u0435\u0442\u043d\u044b\u0445 \u0434\u043e\u043a\u0443\u043c\u0435\u043d\u0442\u043e\u0432.<\/strong> \u0412 \u0442\u043e\u043c \u0441\u043b\u0443\u0447\u0430\u0435, \u0435\u0441\u043b\u0438 \u043d\u0430\u0448 \u044e\u0440\u0438\u0441\u0442 \u043f\u0440\u0438\u0434\u0451\u0442 \u043a \u0432\u044b\u0432\u043e\u0434\u0443, \u0447\u0442\u043e \u0434\u043b\u044f \u043e\u0442\u0432\u0435\u0442\u0430 \u043d\u0430 \u0441\u0444\u043e\u0440\u043c\u0443\u043b\u0438\u0440\u043e\u0432\u0430\u043d\u043d\u044b\u0439 \u0412\u0430\u043c\u0438 \u0432\u043e\u043f\u0440\u043e\u0441 \u043d\u0435\u043e\u0431\u0445\u043e\u0434\u0438\u043c\u043e \u0438\u0437\u0443\u0447\u0435\u043d\u0438\u0435 \u043e\u043f\u0440\u0435\u0434\u0435\u043b\u0435\u043d\u043d\u043e\u0433\u043e \u043f\u0430\u043a\u0435\u0442\u0430 \u0434\u043e\u043a\u0443\u043c\u0435\u043d\u0442\u043e\u0432, \u0412\u0430\u043c \u0431\u0443\u0434\u0435\u0442 \u043f\u0440\u0435\u0434\u043b\u043e\u0436\u0435\u043d\u043e \u043f\u0440\u0438\u0441\u043b\u0430\u0442\u044c \u043d\u0430\u043c \u0438\u0445 \u043f\u043e \u044d\u043b\u0435\u043a\u0442\u0440\u043e\u043d\u043d\u043e\u0439 \u043f\u043e\u0447\u0442\u0435. \u0415\u0441\u043b\u0438 \u043f\u0435\u0440\u0435\u0441\u044b\u043b\u043a\u0430 \u0434\u043e\u043a\u0443\u043c\u0435\u043d\u0442\u043e\u0432 \u043f\u043e \u043a\u0430\u043a\u0438\u043c-\u043b\u0438\u0431\u043e \u043f\u0440\u0438\u0447\u0438\u043d\u0430\u043c \u043d\u0435\u0432\u043e\u0437\u043c\u043e\u0436\u043d\u0430, \u0442\u043e \u043c\u044b \u0431\u0443\u0434\u0435\u043c \u0440\u0430\u0434\u044b \u0432\u0441\u0442\u0440\u0435\u0442\u0438\u0442\u044c\u0441\u044f \u0441 \u0412\u0430\u043c\u0438 \u0432 \u043d\u0430\u0448\u0435\u043c \u0431\u044e\u0440\u043e \u0432 \u0443\u0434\u043e\u0431\u043d\u043e\u0435 \u0434\u043b\u044f \u0412\u0430\u0441 \u0432\u0440\u0435\u043c\u044f \u0438 \u0440\u0430\u0441\u0441\u043c\u043e\u0442\u0440\u0435\u0442\u044c \u0412\u0430\u0448 \u0432\u043e\u043f\u0440\u043e\u0441.<\/p>\n<p><strong>NB!<\/strong> \u041f\u043e\u043c\u043d\u0438\u0442\u0435, \u0447\u0442\u043e \u043f\u0440\u0435\u0434\u043e\u0441\u0442\u0430\u0432\u043b\u0435\u043d\u0438\u0435 \u0442\u043e\u0447\u043d\u043e\u0439 \u0438\u043d\u0444\u043e\u0440\u043c\u0430\u0446\u0438\u0438 \u043d\u0435\u043f\u043e\u0441\u0440\u0435\u0434\u0441\u0442\u0432\u0435\u043d\u043d\u043e \u0432\u043b\u0438\u044f\u0435\u0442 \u043d\u0430 \u044e\u0440\u0438\u0434\u0438\u0447\u0435\u0441\u043a\u0443\u044e \u043a\u0432\u0430\u043b\u0438\u0444\u0438\u043a\u0430\u0446\u0438\u044e \u0441\u043e\u0431\u044b\u0442\u0438\u0439 \u0438, \u0441\u043e\u043e\u0442\u0432\u0435\u0442\u0441\u0442\u0432\u0435\u043d\u043d\u043e, \u043d\u0430 \u043f\u0440\u0435\u0434\u043e\u0441\u0442\u0430\u0432\u043b\u0435\u043d\u043d\u044b\u0439 \u0412\u0430\u043c \u043e\u0442\u0432\u0435\u0442.<\/p>\n<p><strong>\u041a\u043e\u043d\u0441\u0443\u043b\u044c\u0442\u0430\u0446\u0438\u044e \u0412\u044b \u043f\u043e\u043b\u0443\u0447\u0438\u0442\u0435 \u0432 \u0443\u0434\u043e\u0431\u043d\u043e\u043c \u0434\u043b\u044f \u0412\u0430\u0441 \u0432\u0438\u0434\u0435, \u043f\u0438\u0441\u044c\u043c\u0435\u043d\u043d\u0443\u044e \u043f\u043e \u044d\u043b\u0435\u043a\u0442\u0440\u043e\u043d\u043d\u043e\u0439 \u043f\u043e\u0447\u0442\u0435 \u0438\u043b\u0438 \u0443\u0441\u0442\u043d\u0443\u044e \u043f\u043e \u0442\u0435\u043b\u0435\u0444\u043e\u043d\u0443, Skype.<\/strong><\/p>\n<p>\u0421 \u043f\u043e\u043c\u043e\u0449\u044c\u044e \u0441\u043f\u0435\u0446\u0438\u0430\u043b\u044c\u043d\u043e\u0439 \u0444\u043e\u0440\u043c\u044b \u0412\u044b \u043c\u043e\u0436\u0435\u0442\u0435 \u043e\u0442\u043f\u0440\u0430\u0432\u0438\u0442\u044c \u0437\u0430\u043f\u0440\u043e\u0441 \u043d\u0430 \u043f\u043e\u043b\u0443\u0447\u0435\u043d\u0438\u0435 \u044e\u0440\u0438\u0434\u0438\u0447\u0435\u0441\u043a\u0438\u0445 \u0443\u0441\u043b\u0443\u0433 on\u2013line:[\/vc_column_text][vc_separator width_in_percentages=&#187;yes&#187; css=&#187;.vc_custom_1479734859308{margin-top: 30px !important;margin-bottom: 30px !important;}&#187;][vc_column_text el_class=&#187;plow&#187;]<strong>NB!<\/strong> \u041e\u0442\u0432\u0435\u0442 \u043d\u0430 \u0412\u0430\u0448 \u0432\u043e\u043f\u0440\u043e\u0441 \u0431\u0443\u0434\u0435\u0442 \u043f\u0440\u0435\u0434\u043e\u0441\u0442\u0430\u0432\u043b\u0435\u043d, \u043a\u0430\u043a \u0442\u043e\u043b\u044c\u043a\u043e \u0412\u044b \u043f\u0440\u043e\u0438\u0437\u0432\u0435\u0434\u0435\u0442\u0435 \u043e\u043f\u043b\u0430\u0442\u0443 \u0434\u0430\u043d\u043d\u043e\u0439 \u0443\u0441\u043b\u0443\u0433\u0438 \u0432 \u0442\u0435\u0447\u0435\u043d\u0438\u0438 \u043e\u0434\u043d\u043e\u0433\u043e \u0440\u0430\u0431\u043e\u0447\u0435\u0433\u043e \u0434\u043d\u044f.<\/p>\n<p>\u041f\u043e\u0441\u043b\u0435 \u043e\u043f\u043b\u0430\u0442\u044b \u0437\u0430 \u0443\u0441\u043b\u0443\u0433\u0443, \u043d\u0430 \u0443\u043a\u0430\u0437\u0430\u043d\u043d\u0443\u044e \u0412\u0430\u043c\u0438 \u0432 \u0437\u0430\u044f\u0432\u043a\u0435 \u044d\u043b\u0435\u043a\u0442\u0440\u043e\u043d\u043d\u0443\u044e \u043f\u043e\u0447\u0442\u0443 \u043f\u0440\u0438\u0434\u0451\u0442 \u043f\u043e\u0434\u0442\u0432\u0435\u0440\u0436\u0434\u0435\u043d\u0438\u0435 \u043f\u043b\u0430\u0442\u0435\u0436\u0430 \u0432 \u0432\u0438\u0434\u0435 \u0441\u0447\u0451\u0442\u0430 \u0441 \u043f\u043e\u043c\u0435\u0442\u043a\u043e\u0439 \u041e\u041f\u041b\u0410\u0427\u0415\u041d\u041e!<\/p>\n<p><strong>\u0421\u0442\u043e\u0438\u043c\u043e\u0441\u0442\u044c \u043e\u043d\u043b\u0430\u0439\u043d &#8212; \u043a\u043e\u043d\u0441\u0443\u043b\u044c\u0442\u0430\u0446\u0438\u0438 \u0440\u0430\u0441\u0441\u0447\u0438\u0442\u044b\u0432\u0430\u0435\u0442\u0441\u044f \u0438\u0441\u0445\u043e\u0434\u044f \u0438\u0437 \u0441\u0442\u043e\u0438\u043c\u043e\u0441\u0442\u0438 124 EUR \/ \u0447\u0430\u0441 \u0440\u0430\u0431\u043e\u0442\u044b \u0441\u043f\u0435\u0446\u0438\u0430\u043b\u0438\u0441\u0442\u0430.<\/strong><\/p>\n<p><strong>** \u0415\u0441\u043b\u0438 \u0412\u044b \u043e\u043f\u043b\u0430\u0447\u0438\u0432\u0430\u0435\u0442\u0435 31 EUR <\/strong>(\u0446\u0435\u043d\u0430 \u0432\u043a\u043b\u044e\u0447\u0430\u0435\u0442 \u043d\u0430\u043b\u043e\u0433 \u0441 \u043e\u0431\u043e\u0440\u043e\u0442\u0430 24%)<strong> \u0441\u043e\u043e\u0442\u0432\u0435\u0442\u0441\u0442\u0432\u0435\u043d\u043d\u043e 15 \u043c\u0438\u043d\u0443\u0442 \u043a\u043e\u043d\u0441\u0443\u043b\u044c\u0442\u0430\u0446\u0438\u0438.<\/strong> \u041e\u0447\u0435\u043d\u044c \u043d\u0430\u0434\u0435\u0435\u043c\u0441\u044f, \u0447\u0442\u043e \u044d\u0442\u043e\u0433\u043e \u0432\u0440\u0435\u043c\u0435\u043d\u0438 \u0431\u0443\u0434\u0435\u0442 \u0434\u043e\u0441\u0442\u0430\u0442\u043e\u0447\u043d\u043e \u0434\u043b\u044f \u043e\u0442\u0432\u0435\u0442\u0430 \u043d\u0430 \u0432\u0441\u0435 \u0412\u0430\u0448\u0438 \u0432\u043e\u043f\u0440\u043e\u0441\u044b.<\/p>\n<p><strong>** \u0415\u0441\u043b\u0438 \u0412\u0430\u043c \u043d\u0435\u043e\u0431\u0445\u043e\u0434\u0438\u043c\u043e \u0431\u043e\u043b\u044c\u0448\u0435 \u0432\u0440\u0435\u043c\u0435\u043d\u0438, \u0442\u043e, \u043f\u043e\u0436\u0430\u043b\u0443\u0439\u0441\u0442\u0430, \u043e\u043f\u043b\u0430\u0442\u0438\u0442\u0435 62 EUR <\/strong>(\u0446\u0435\u043d\u0430 \u0432\u043a\u043b\u044e\u0447\u0430\u0435\u0442 \u043d\u0430\u043b\u043e\u0433 \u0441 \u043e\u0431\u043e\u0440\u043e\u0442\u0430 24%)<strong> \u0437\u0430 30 \u043c\u0438\u043d\u0443\u0442 \u043a\u043e\u043d\u0441\u0443\u043b\u044c\u0442\u0430\u0446\u0438\u0438.<\/strong><\/p>\n<p><strong>NB!<\/strong> \u0412 \u043f\u043e\u044f\u0441\u043d\u0435\u043d\u0438\u0438 \u043a \u043f\u043b\u0430\u0442\u0435\u0436\u0443 \u043e\u0431\u044f\u0437\u0430\u0442\u0435\u043b\u044c\u043d\u043e \u0443\u043a\u0430\u0436\u0438\u0442\u0435 \u0441\u043b\u0435\u0434\u0443\u044e\u0449\u0435\u0435 <strong>\u00abtasu on-line konsultatsiooni eest\u00bb<\/strong> \u0438 \u044d\u0442\u043e\u0433\u043e \u0431\u0443\u0434\u0435\u0442 \u0434\u043e\u0441\u0442\u0430\u0442\u043e\u0447\u043d\u043e.[\/vc_column_text][vc_separator width_in_percentages=&#187;yes&#187; css=&#187;.vc_custom_1479734866651{margin-top: 30px !important;margin-bottom: 30px !important;}&#187;][vc_column_text css=&#187;.vc_custom_1751019938023{margin-top: 25px !important;}&#187;]<img loading=\"lazy\" decoding=\"async\" class=\"alignright size-full wp-image-12634\" src=\"\/wp-content\/uploads\/2016\/11\/onlajn-konsultacija_jurista111.jpg\" alt=\"\u043e\u043d\u043b\u0430\u0439\u043d \u043a\u043e\u043d\u0441\u0443\u043b\u044c\u0442\u0430\u0446\u0438\u044f \u044e\u0440\u0438\u0441\u0442\u0430\" width=\"150\" height=\"248\" \/>\u0414\u0430\u043d\u043d\u044b\u0435 \u0434\u043b\u044f \u043e\u043f\u043b\u0430\u0442\u044b \u043e\u043d\u043b\u0430\u0439\u043d\u00a0\u043a\u043e\u043d\u0441\u0443\u043b\u044c\u0442\u0430\u0446\u0438\u0438:<\/p>\n<p><strong>AS SEB Pank<\/strong><br \/>\nTornim\u00e4e 2, Tallinn, 15010<br \/>\n<strong>\u041f\u043e\u043b\u0443\u0447\u0430\u0442\u0435\u043b\u044c \u043f\u043b\u0430\u0442\u0435\u0436\u0430:<\/strong> Stabimer \u00d5igusb\u00fcroo O\u00dc<br \/>\n<strong>\u041f\u043e\u044f\u0441\u043d\u0435\u043d\u0438\u0435 \u043a \u043f\u043b\u0430\u0442\u0435\u0436\u0443:<\/strong> tasu on-line konsultatsiooni eest<br \/>\nIBAN: EE 601 010 220 109 070 015<br \/>\nBIC: EEUHEE2X<\/p>\n<p><strong>Swedbank AS<\/strong><br \/>\nLiivalaia 8, Tallinn, 15040<br \/>\n<strong>\u041f\u043e\u043b\u0443\u0447\u0430\u0442\u0435\u043b\u044c \u043f\u043b\u0430\u0442\u0435\u0436\u0430:<\/strong> Stabimer \u00d5igusb\u00fcroo O\u00dc<br \/>\n<strong>\u041f\u043e\u044f\u0441\u043d\u0435\u043d\u0438\u0435 \u043a \u043f\u043b\u0430\u0442\u0435\u0436\u0443:<\/strong> tasu on-line konsultatsiooni eest<br \/>\nIBAN: EE 252 200 221 061 805 382<br \/>\nBIC: HABAEE2X[\/vc_column_text][\/vc_column][vc_column width=&#187;1\/3&#8243; el_class=&#187;onln&#187;]\n<div class=\"wpcf7 no-js\" id=\"wpcf7-f10258-o1\" lang=\"en-US\" dir=\"ltr\">\n<div class=\"screen-reader-response\"><p role=\"status\" aria-live=\"polite\" aria-atomic=\"true\"><\/p> <ul><\/ul><\/div>\n<form action=\"\/ru\/wp-json\/wp\/v2\/pages\/10255#wpcf7-f10258-o1\" method=\"post\" class=\"wpcf7-form init\" aria-label=\"Contact form\" novalidate=\"novalidate\" data-status=\"init\">\n<div style=\"display: none;\">\n<input type=\"hidden\" name=\"_wpcf7\" value=\"10258\" \/>\n<input type=\"hidden\" name=\"_wpcf7_version\" value=\"5.9.6\" \/>\n<input type=\"hidden\" name=\"_wpcf7_locale\" value=\"en_US\" \/>\n<input type=\"hidden\" name=\"_wpcf7_unit_tag\" value=\"wpcf7-f10258-o1\" \/>\n<input type=\"hidden\" name=\"_wpcf7_container_post\" value=\"0\" \/>\n<input type=\"hidden\" name=\"_wpcf7_posted_data_hash\" value=\"\" \/>\n<input type=\"hidden\" name=\"_wpcf7_recaptcha_response\" value=\"\" \/>\n<\/div>\n<div class='row'>\n<div class='col-sm-6 col-xs-12'>\n<label> \u0418\u043c\u044f <span>*<\/span>\n    <span class=\"wpcf7-form-control-wrap\" data-name=\"your-name\"><input size=\"40\" maxlength=\"80\" class=\"wpcf7-form-control wpcf7-text wpcf7-validates-as-required\" aria-required=\"true\" aria-invalid=\"false\" value=\"\" type=\"text\" name=\"your-name\" \/><\/span> <\/label>\n<\/div>\n\n<div class='col-sm-6 col-xs-12'>\n<label> \u0422\u0435\u043b\u0435\u0444\u043e\u043d <span>*<\/span>\n    <span class=\"wpcf7-form-control-wrap\" data-name=\"tel-70\"><input size=\"40\" maxlength=\"80\" class=\"wpcf7-form-control wpcf7-tel wpcf7-text wpcf7-validates-as-tel\" aria-invalid=\"false\" value=\"\" type=\"tel\" name=\"tel-70\" \/><\/span> <\/label>\n<\/div>\n<div class='col-sm-12 col-xs-12'>\n<label> \u0424\u0438\u0440\u043c\u0430\n    <span class=\"wpcf7-form-control-wrap\" data-name=\"your-firm\"><input size=\"40\" maxlength=\"80\" class=\"wpcf7-form-control wpcf7-text\" aria-invalid=\"false\" value=\"\" type=\"text\" name=\"your-firm\" \/><\/span> <\/label>\n<\/div>\n<div class='col-sm-12 col-xs-12'>\n<label> Skype\n    <span class=\"wpcf7-form-control-wrap\" data-name=\"your-skype\"><input size=\"40\" maxlength=\"80\" class=\"wpcf7-form-control wpcf7-text\" aria-invalid=\"false\" value=\"\" type=\"text\" name=\"your-skype\" \/><\/span> <\/label>\n<\/div>\n<div class='col-xs-12'>\n<label> Email <span>*<\/span>\n    <span class=\"wpcf7-form-control-wrap\" data-name=\"your-email\"><input size=\"40\" maxlength=\"80\" class=\"wpcf7-form-control wpcf7-email wpcf7-validates-as-required wpcf7-text wpcf7-validates-as-email\" aria-required=\"true\" aria-invalid=\"false\" value=\"\" type=\"email\" name=\"your-email\" \/><\/span> <\/label>\n<\/div>\n<div class='col-xs-12'>\n<label> \u0421\u043e\u0434\u0435\u0440\u0436\u0430\u043d\u0438\u0435\n    <span class=\"wpcf7-form-control-wrap\" data-name=\"your-message\"><textarea cols=\"40\" rows=\"10\" maxlength=\"400\" class=\"wpcf7-form-control wpcf7-textarea\" aria-invalid=\"false\" name=\"your-message\"><\/textarea><\/span> <\/label>\n<\/div>\n<div class='col-xs-12'>\n<input class=\"wpcf7-form-control wpcf7-submit has-spinner\" type=\"submit\" value=\"\u041e\u0422\u041f\u0420\u0410\u0412\u0418\u0422\u042c\" \/>\n<\/div>\n<\/div><input type='hidden' class='wpcf7-pum' value='{\"closepopup\":false,\"closedelay\":0,\"openpopup\":false,\"openpopup_id\":0}' \/><div class=\"wpcf7-response-output\" aria-hidden=\"true\"><\/div>\n<\/form>\n<\/div>\n[\/vc_column][\/vc_row]<\/p>\n<\/div>","protected":false},"excerpt":{"rendered":"<p>[vc_row full_width=&#187;stretch_row&#187; css_tabs=&#187;&#187; css=&#187;.vc_custom_1762838492017{padding-top: 70px !important;padding-bottom: 50px !important;background-image: url(https:\/\/jurist.stabimer.ee\/wp-content\/uploads\/2016\/11\/slider1-11.jpg?id=12922) !important;background-position: center !important;background-repeat: no-repeat !important;background-size: cover !important;}&#187; el_class=&#187;titlearea&#187;][vc_column width=&#187;1\/2&#8243;][vc_empty_space height=&#187;90px&#187;][vc_custom_heading source=&#187;post_title&#187; use_theme_fonts=&#187;yes&#187; font_container=&#187;tag:h1|font_size:35px|text_align:left|color:%238c350c|line_height:35px&#187; font_title_responsive=&#187;true&#187;][vc_column_text]Stabimer \u00d5igusb\u00fcroo O\u00dc Registrikood: 11811374 KMKR: EE101376455[\/vc_column_text][vc_empty_space height=&#187;90px&#187;][\/vc_column][vc_column [&hellip;]<\/p>\n","protected":false},"author":1,"featured_media":12616,"parent":0,"menu_order":0,"comment_status":"closed","ping_status":"closed","template":"","meta":{"footnotes":""},"class_list":["post-10255","page","type-page","status-publish","has-post-thumbnail","hentry"],"_links":{"self":[{"href":"https:\/\/jurist.stabimer.ee\/ru\/wp-json\/wp\/v2\/pages\/10255","targetHints":{"allow":["GET"]}}],"collection":[{"href":"https:\/\/jurist.stabimer.ee\/ru\/wp-json\/wp\/v2\/pages"}],"about":[{"href":"https:\/\/jurist.stabimer.ee\/ru\/wp-json\/wp\/v2\/types\/page"}],"author":[{"embeddable":true,"href":"https:\/\/jurist.stabimer.ee\/ru\/wp-json\/wp\/v2\/users\/1"}],"replies":[{"embeddable":true,"href":"https:\/\/jurist.stabimer.ee\/ru\/wp-json\/wp\/v2\/comments?post=10255"}],"version-history":[{"count":9,"href":"https:\/\/jurist.stabimer.ee\/ru\/wp-json\/wp\/v2\/pages\/10255\/revisions"}],"predecessor-version":[{"id":16452,"href":"https:\/\/jurist.stabimer.ee\/ru\/wp-json\/wp\/v2\/pages\/10255\/revisions\/16452"}],"wp:featuredmedia":[{"embeddable":true,"href":"https:\/\/jurist.stabimer.ee\/ru\/wp-json\/wp\/v2\/media\/12616"}],"wp:attachment":[{"href":"https:\/\/jurist.stabimer.ee\/ru\/wp-json\/wp\/v2\/media?parent=10255"}],"curies":[{"name":"wp","href":"https:\/\/api.w.org\/{rel}","templated":true}]}}