{"id":10495,"date":"2016-11-02T14:32:55","date_gmt":"2016-11-02T14:32:55","guid":{"rendered":"http:\/\/jurist.stabimer.ee\/online-konsultatsiya\/?lang=en"},"modified":"2025-06-29T12:56:42","modified_gmt":"2025-06-29T09:56:42","slug":"legal_advice_on-line","status":"publish","type":"page","link":"https:\/\/jurist.stabimer.ee\/en\/legal_advice_on-line\/","title":{"rendered":"Legal advice on-line"},"content":{"rendered":"<div class=\"wpb-content-wrapper\"><p>[vc_row][vc_column][\/vc_column][\/vc_row][vc_row el_class=&#8221;ggww&#8221; css=&#8221;.vc_custom_1478009997027{margin-top: 25px !important;margin-bottom: 25px !important;}&#8221;][vc_column width=&#8221;2\/3&#8243; el_class=&#8221;ggww&#8221;][vc_column_text]<\/p>\n<h3>Legal advice on-line<\/h3>\n<p>&#8211; Legal advice on-line allows you to get a competent answer for a minimal charge<br \/>\n&#8211; Clients who have used on-line advice more than 5 times during the month have an opportunity to get further advice at a discount of 15%.<br \/>\n&#8211; For regular clients (who signed a contract) on-line advice is free of charge.<br \/>\n&#8211; If you wish to sign a contract for services, call us for more details on (+372) 56 45 7008 or (+372) 65 05 035<br \/>\n&#8211; <strong>On-line advice is meant first and foremost to provide information on general legal issues that do not require examination of specific documents.<\/strong> If our lawyer comes to the conclusion that in order to answer your question he or she needs to study a particular set of documents, you will be asked to send them by e-mail. If for any reason you are unable to do that, we will be glad to see you at our office at your convenience and look into the matter.<\/p>\n<p><strong>NB!<\/strong> Please remember that provision of accurate information has a direct impact on the legal qualification of the situation and on the answer given to you.<\/p>\n<p><strong>You will get your advice in a form convenient to you: in writing via e-mail or orally by Skype.<\/strong><br \/>\nYou may send a request for legal services on-line by filling in the form below:[\/vc_column_text][vc_separator width_in_percentages=&#8221;yes&#8221; css=&#8221;.vc_custom_1479734859308{margin-top: 30px !important;margin-bottom: 30px !important;}&#8221;][vc_column_text el_class=&#8221;plow&#8221;]When the payment comes through, a confirmation in the form of an invoice with a note saying PAID will be sent to the email address specified in your query.<\/p>\n<p><strong>The service costs 31 EUR<\/strong> (the price includes 24% VAT)<\/p>\n<p><strong>NB!<\/strong> Please make sure to specify <strong>&#8220;Payment for on-line advice&#8221;<\/strong> in the details of payment. This is all you need to do.[\/vc_column_text][vc_separator width_in_percentages=&#8221;yes&#8221; css=&#8221;.vc_custom_1479734866651{margin-top: 30px !important;margin-bottom: 30px !important;}&#8221;][vc_column_text css=&#8221;.vc_custom_1507796086035{margin-top: 25px !important;}&#8221;]Details for paying for on-line advice:<\/p>\n<p><strong>AS SEB Pank<\/strong><br \/>\nTornim\u00e4e 2, Tallinn, 15010<br \/>\n<strong>Beneficiary:<\/strong> Stabimer \u00d5igusb\u00fcroo O\u00dc<br \/>\n<strong>Details of payment:<\/strong> Payment for on-line advice<br \/>\nIBAN: EE 601 010 220 109 070 015<br \/>\nBIC: EEUHEE2X<\/p>\n<p><strong>Swedbank AS<\/strong><br \/>\nLiivalaia 8, Tallinn, 15040<br \/>\n<strong>Beneficiary:<\/strong> Stabimer \u00d5igusb\u00fcroo O\u00dc<br \/>\n<strong>Details of payment:<\/strong> Payment for on-line advice<br \/>\nIBAN: EE 252 200 221 061 805 382<br \/>\nBIC: HABAEE2X[\/vc_column_text][\/vc_column][vc_column width=&#8221;1\/3&#8243; el_class=&#8221;onln&#8221;]\n<div class=\"wpcf7 no-js\" id=\"wpcf7-f10606-o1\" lang=\"en-US\" dir=\"ltr\">\n<div class=\"screen-reader-response\"><p role=\"status\" aria-live=\"polite\" aria-atomic=\"true\"><\/p> <ul><\/ul><\/div>\n<form action=\"\/en\/wp-json\/wp\/v2\/pages\/10495#wpcf7-f10606-o1\" method=\"post\" class=\"wpcf7-form init\" aria-label=\"Contact form\" novalidate=\"novalidate\" data-status=\"init\">\n<div style=\"display: none;\">\n<input type=\"hidden\" name=\"_wpcf7\" value=\"10606\" \/>\n<input type=\"hidden\" name=\"_wpcf7_version\" value=\"5.9.6\" \/>\n<input type=\"hidden\" name=\"_wpcf7_locale\" value=\"en_US\" \/>\n<input type=\"hidden\" name=\"_wpcf7_unit_tag\" value=\"wpcf7-f10606-o1\" \/>\n<input type=\"hidden\" name=\"_wpcf7_container_post\" value=\"0\" \/>\n<input type=\"hidden\" name=\"_wpcf7_posted_data_hash\" value=\"\" \/>\n<input type=\"hidden\" name=\"_wpcf7_recaptcha_response\" value=\"\" \/>\n<\/div>\n<div class='row'>\n<div class='col-sm-6 col-xs-12'>\n<label> Name <span>*<\/span>\n    <span class=\"wpcf7-form-control-wrap\" data-name=\"your-name\"><input size=\"40\" maxlength=\"80\" class=\"wpcf7-form-control wpcf7-text wpcf7-validates-as-required\" aria-required=\"true\" aria-invalid=\"false\" value=\"\" type=\"text\" name=\"your-name\" \/><\/span> <\/label>\n<\/div>\n\n<div class='col-sm-6 col-xs-12'>\n<label> Telephone <span>*<\/span>\n    <span class=\"wpcf7-form-control-wrap\" data-name=\"tel-70\"><input size=\"40\" maxlength=\"80\" class=\"wpcf7-form-control wpcf7-tel wpcf7-text wpcf7-validates-as-tel\" aria-invalid=\"false\" value=\"\" type=\"tel\" name=\"tel-70\" \/><\/span> <\/label>\n<\/div>\n<div class='col-sm-12 col-xs-12'>\n<label> Company\n    <span class=\"wpcf7-form-control-wrap\" data-name=\"your-firm\"><input size=\"40\" maxlength=\"80\" class=\"wpcf7-form-control wpcf7-text\" aria-invalid=\"false\" value=\"\" type=\"text\" name=\"your-firm\" \/><\/span> <\/label>\n<\/div>\n<div class='col-sm-12 col-xs-12'>\n<label> Skype\n    <span class=\"wpcf7-form-control-wrap\" data-name=\"your-skype\"><input size=\"40\" maxlength=\"80\" class=\"wpcf7-form-control wpcf7-text\" aria-invalid=\"false\" value=\"\" type=\"text\" name=\"your-skype\" \/><\/span> <\/label>\n<\/div>\n<div class='col-xs-12'>\n<label> Email <span>*<\/span>\n    <span class=\"wpcf7-form-control-wrap\" data-name=\"your-email\"><input size=\"40\" maxlength=\"80\" class=\"wpcf7-form-control wpcf7-email wpcf7-validates-as-required wpcf7-text wpcf7-validates-as-email\" aria-required=\"true\" aria-invalid=\"false\" value=\"\" type=\"email\" name=\"your-email\" \/><\/span> <\/label>\n<\/div>\n<div class='col-xs-12'>\n<label> Message\n    <span class=\"wpcf7-form-control-wrap\" data-name=\"your-message\"><textarea cols=\"40\" rows=\"10\" maxlength=\"400\" class=\"wpcf7-form-control wpcf7-textarea\" aria-invalid=\"false\" name=\"your-message\"><\/textarea><\/span> <\/label>\n<\/div>\n<div class='col-xs-12'>\n<input class=\"wpcf7-form-control wpcf7-submit has-spinner\" type=\"submit\" value=\"SEND\" \/>\n<\/div>\n<\/div><input type='hidden' class='wpcf7-pum' value='{\"closepopup\":false,\"closedelay\":0,\"openpopup\":false,\"openpopup_id\":0}' \/><div class=\"wpcf7-response-output\" aria-hidden=\"true\"><\/div>\n<\/form>\n<\/div>\n[\/vc_column][\/vc_row]<\/p>\n<\/div>","protected":false},"excerpt":{"rendered":"<p>[vc_row][vc_column][\/vc_column][\/vc_row][vc_row el_class=&#8221;ggww&#8221; css=&#8221;.vc_custom_1478009997027{margin-top: 25px !important;margin-bottom: 25px !important;}&#8221;][vc_column width=&#8221;2\/3&#8243; el_class=&#8221;ggww&#8221;][vc_column_text] Legal advice on-line &#8211; Legal advice on-line allows you to get a competent answer for a minimal charge &#8211; Clients who [&hellip;]<\/p>\n","protected":false},"author":1,"featured_media":0,"parent":0,"menu_order":0,"comment_status":"closed","ping_status":"closed","template":"","meta":{"footnotes":""},"class_list":["post-10495","page","type-page","status-publish","hentry"],"_links":{"self":[{"href":"https:\/\/jurist.stabimer.ee\/en\/wp-json\/wp\/v2\/pages\/10495","targetHints":{"allow":["GET"]}}],"collection":[{"href":"https:\/\/jurist.stabimer.ee\/en\/wp-json\/wp\/v2\/pages"}],"about":[{"href":"https:\/\/jurist.stabimer.ee\/en\/wp-json\/wp\/v2\/types\/page"}],"author":[{"embeddable":true,"href":"https:\/\/jurist.stabimer.ee\/en\/wp-json\/wp\/v2\/users\/1"}],"replies":[{"embeddable":true,"href":"https:\/\/jurist.stabimer.ee\/en\/wp-json\/wp\/v2\/comments?post=10495"}],"version-history":[{"count":2,"href":"https:\/\/jurist.stabimer.ee\/en\/wp-json\/wp\/v2\/pages\/10495\/revisions"}],"predecessor-version":[{"id":16386,"href":"https:\/\/jurist.stabimer.ee\/en\/wp-json\/wp\/v2\/pages\/10495\/revisions\/16386"}],"wp:attachment":[{"href":"https:\/\/jurist.stabimer.ee\/en\/wp-json\/wp\/v2\/media?parent=10495"}],"curies":[{"name":"wp","href":"https:\/\/api.w.org\/{rel}","templated":true}]}}