{"id":10459,"date":"2016-02-19T13:35:45","date_gmt":"2016-02-19T13:35:45","guid":{"rendered":"http:\/\/jurist.stabimer.ee\/kontakti\/?lang=en"},"modified":"2025-05-14T15:24:18","modified_gmt":"2025-05-14T12:24:18","slug":"contacts","status":"publish","type":"page","link":"https:\/\/jurist.stabimer.ee\/en\/contacts\/","title":{"rendered":"Contacts"},"content":{"rendered":"<div class=\"wpb-content-wrapper\"><p>[vc_row full_width=&#8221;stretch_row_content_no_spaces&#8221; equal_height=&#8221;yes&#8221; clean_padding=&#8221;sm&#8221; css=&#8221;.vc_custom_1458133381863{margin-top: 40px !important;padding-top: 40px !important;}&#8221;][vc_column width=&#8221;1\/2&#8243; resoinsive_indent=&#8221;xs&#8221; css=&#8221;.vc_custom_1479479471562{padding-right: 60px !important;padding-left: 60px !important;}&#8221; offset=&#8221;vc_col-lg-6 vc_col-md-12 vc_col-xs-12&#8243;][vc_empty_space height=&#8221;50&#8243;][vc_custom_heading text=&#8221;Contacts&#8221; google_fonts=&#8221;font_family:Open%20Sans%3A300%2C300italic%2Cregular%2Citalic%2C600%2C600italic%2C700%2C700italic%2C800%2C800italic|font_style:800%20bold%20regular%3A800%3Anormal&#8221; font_container=&#8221;tag:h1|font_size:70|text_align:left|color:%238c350c&#8221; font_title_responsive=&#8221;true&#8221;][vc_empty_space height=&#8221;20&#8243;][vc_row_inner css=&#8221;.vc_custom_1455893069929{margin-top: 10px !important;margin-bottom: 30px !important;}&#8221;][vc_column_inner width=&#8221;1\/2&#8243;][vc_raw_html css=&#8221;&#8221;]JTNDZGl2JTIwY2xhc3MlM0QlMjdrb250YWt0aSUyNyUzRSUwQSUzQ2gzJTNFT3VyJTIwY29udGFjdHMlM0MlMkZoMyUzRSUwQSUzQ3VsJTNFJTBBJTIwJTA5JTNDbGklM0UlM0NhJTIwaHJlZiUzRCUyMmh0dHBzJTNBJTJGJTJGd3d3Lmdvb2dsZS5jb20lMkZtYXBzJTJGcGxhY2UlMkZUdWxpa2ElMkIxOWMlMkMlMkIxMDYxMyUyQlRhbGxpbm4lMkYlNDA1OS40Mjg2OTYlMkMyNC43MTk3MTY0JTJDM2ElMkM3NXklMkM3OC4yN2glMkM5MHQlMkZkYXRhJTNEJTIxM203JTIxMWUxJTIxM201JTIxMXNuSHZ6eWZRQ3BNLV8yUHlRblhSNnNRJTIxMmUwJTIxNnMlMjUyRiUyNTJGZ2VvMi5nZ3BodC5jb20lMjUyRmNiayUyNTNGcGFub2lkJTI1M0RuSHZ6eWZRQ3BNLV8yUHlRblhSNnNRJTI1MjZvdXRwdXQlMjUzRHRodW1ibmFpbCUyNTI2Y2JfY2xpZW50JTI1M0RzZWFyY2guVEFDVElMRS5ncHMlMjUyNnRodW1iJTI1M0QyJTI1MjZ3JTI1M0Q4NiUyNTI2aCUyNTNEODYlMjUyNnlhdyUyNTNENzguMjY1MDglMjUyNnBpdGNoJTI1M0QwJTI1MjZ0aHVtYmZvdiUyNTNEMTAwJTIxN2kxMzMxMiUyMThpNjY1NiUyMTRtNSUyMTNtNCUyMTFzMHg0NjkyOTQ4NTg3ZWMxODlkJTNBMHg0MTY1YTBjNDljMGFkNWQzJTIxOG0yJTIxM2Q1OS40Mjg3MzI0JTIxNGQyNC43MjAwOTcyJTIyJTIwdGFyZ2V0JTNEJTIyX2JsYW5rJTIyJTNFJTNDaSUyMGNsYXNzJTNEJTIyZmElMjBmYS1tYXAtbWFya2VyJTIyJTIwYXJpYS1oaWRkZW4lM0QlMjJ0cnVlJTIyJTNFJTNDJTJGaSUzRSUyMDE5JTIwVHVsaWthJTIwU3RyZWV0JTJDJTIwVW5pdCUyMEMlMkMlMjA1dGglMjBGbG9vciUzQyUyRmElM0UlM0MlMkZsaSUzRSUwQSUwQSUwQSUwQSUzQ2xpJTNFJTNDYSUyMGhyZWYlM0QlMjJ0ZWwlM0ElMkIzNzI1NjQ1NzAwOCUyMiUyMHN0eWxlJTNEJTI3ZmxvYXQlM0ElMjBsZWZ0JTNCJTI3JTNFJTNDaSUyMGNsYXNzJTNEJTIyZmElMjBmYS1tb2JpbGUlMjIlM0UlM0MlMkZpJTNFJTIwJTI4JTJCMzcyJTI5JTIwNTYlMjA0NSUyMDcwMDglM0MlMkZhJTNFJTIwJTIwJTBBJTIwJTIwJTIwJTIwJTNDZGl2JTIwc3R5bGUlM0QlMjJkaXNwbGF5JTNBJTIwaW5saW5lLWJsb2NrJTNCJTIyJTNFJTBBJTIwJTIwJTIwJTIwJTIwJTIwJTNDYSUyMGhyZWYlM0QlMjd2aWJlciUzQSUyRiUyRmNoYXQlM0ZudW1iZXIlM0QlMkIzNzI1NjQ1NzAwOCUyNyUyMHN0eWxlJTNEJTIybWFyZ2luLWxlZnQlM0ElMjAxMHB4JTNCJTIyJTNFJTNDaW1nJTIwc3JjJTNEJTI3JTJGd3AtY29udGVudCUyRnVwbG9hZHMlMkYyMDIyJTJGMDQlMkZ2aWJlci1pY29uLnBuZyUyNyUyMGNsYXNzJTNEJTI3Y2hhdC1pY29ucyUyNyUyMCUyRiUzRSUzQyUyRmElM0UlMEElMjAlMjAlMjAlMjAlMjAlMjAlM0NhJTIwaHJlZiUzRCUyN2h0dHBzJTNBJTJGJTJGd2EubWUlMkYlMkIzNzI1NjQ1NzAwOCUyNyUyMHRhcmdldCUzRCUyMl9ibGFuayUyMiUyMHN0eWxlJTNEJTIybWFyZ2luLWxlZnQlM0ElMjAxMHB4JTNCJTIyJTNFJTNDaW1nJTIwc3JjJTNEJTI3JTJGd3AtY29udGVudCUyRnVwbG9hZHMlMkYyMDIyJTJGMDQlMkZ3aGF0c2FwcC1pY29uLnBuZyUyNyUyMGNsYXNzJTNEJTI3Y2hhdC1pY29ucyUyNyUyMCUyRiUzRSUzQyUyRmElM0UlMEElMjAlMjAlMjAlMjAlMjAlMjAlM0NhJTIwaHJlZiUzRCUyN2h0dHBzJTNBJTJGJTJGdC5tZSUyRlN0YWJpbWVyMDUlMjclMjB0YXJnZXQlM0QlMjJfYmxhbmslMjIlMjBzdHlsZSUzRCUyMm1hcmdpbi1sZWZ0JTNBJTIwMTBweCUzQiUyMiUzRSUzQ2ltZyUyMHNyYyUzRCUyNyUyRndwLWNvbnRlbnQlMkZ1cGxvYWRzJTJGMjAyMiUyRjA0JTJGdGVsZWdyYW0taWNvbi5wbmclMjclMjBjbGFzcyUzRCUyN2NoYXQtaWNvbnMlMjclMjAlMkYlM0UlM0MlMkZhJTNFJTBBJTIwJTIwJTIwJTIwJTNDJTJGZGl2JTNFJTBBJTNDJTJGbGklM0UlMEElMEElMEElMEElM0NsaSUzRSUzQ2ElMjBocmVmJTNEJTIydGVsJTNBJTJCMzcyNTUxOTAwNSUyMiUyMHN0eWxlJTNEJTI3ZmxvYXQlM0ElMjBsZWZ0JTNCJTIwbWFyZ2luLXJpZ2h0JTNBJTIwOHB4JTNCJTI3JTNFJTNDaSUyMGNsYXNzJTNEJTIyZmElMjBmYS1tb2JpbGUlMjIlM0UlM0MlMkZpJTNFJTIwJTI4JTJCMzcyJTI5JTIwNTUlMjAxOSUyMDAwNSUzQyUyRmElM0UlMjAlMjAlMjAlMjAlMEElMjAlMjAlM0NkaXYlMjBzdHlsZSUzRCUyMmRpc3BsYXklM0ElMjBpbmxpbmUtYmxvY2slM0IlMjIlM0UlMEElMjAlMjAlMjAlMjAlM0NhJTIwaHJlZiUzRCUyN3ZpYmVyJTNBJTJGJTJGY2hhdCUzRm51bWJlciUzRCUyQjM3MjU1MTkwMDUlMjclMjBzdHlsZSUzRCUyMm1hcmdpbi1sZWZ0JTNBJTIwMTBweCUzQiUyMiUzRSUzQ2ltZyUyMHNyYyUzRCUyNyUyRndwLWNvbnRlbnQlMkZ1cGxvYWRzJTJGMjAyMiUyRjA0JTJGdmliZXItaWNvbi5wbmclMjclMjBjbGFzcyUzRCUyN2NoYXQtaWNvbnMlMjclMjAlMkYlM0UlM0MlMkZhJTNFJTBBJTIwJTIwJTIwJTIwJTNDYSUyMGhyZWYlM0QlMjdodHRwcyUzQSUyRiUyRndhLm1lJTJGJTJCMzcyNTUxOTAwNSUyNyUyMHRhcmdldCUzRCUyMl9ibGFuayUyMiUyMHN0eWxlJTNEJTIybWFyZ2luLWxlZnQlM0ElMjAxMHB4JTNCJTIyJTNFJTNDaW1nJTIwc3JjJTNEJTI3JTJGd3AtY29udGVudCUyRnVwbG9hZHMlMkYyMDIyJTJGMDQlMkZ3aGF0c2FwcC1pY29uLnBuZyUyNyUyMGNsYXNzJTNEJTI3Y2hhdC1pY29ucyUyNyUyMCUyRiUzRSUzQyUyRmElM0UlMEElMjAlMjAlMjAlMjAlM0NhJTIwaHJlZiUzRCUyN2h0dHBzJTNBJTJGJTJGdC5tZSUyRlN0YWJpbWVyNSUyNyUyMHRhcmdldCUzRCUyMl9ibGFuayUyMiUyMHN0eWxlJTNEJTIybWFyZ2luLWxlZnQlM0ElMjAxMHB4JTNCJTIyJTNFJTNDaW1nJTIwc3JjJTNEJTI3JTJGd3AtY29udGVudCUyRnVwbG9hZHMlMkYyMDIyJTJGMDQlMkZ0ZWxlZ3JhbS1pY29uLnBuZyUyNyUyMGNsYXNzJTNEJTI3Y2hhdC1pY29ucyUyNyUyMCUyRiUzRSUzQyUyRmElM0UlMEElMjAlMjAlM0MlMkZkaXYlM0UlMEElM0MlMkZsaSUzRSUwQSUwQSUwQSUwQSUwQSUwQSUwQSUzQ2xpJTNFJTNDYSUyMGhyZWYlM0QlMjJ0ZWwlM0ElMkIzNzI1MTkzNjAwNSUyMiUyMHN0eWxlJTNEJTI3ZmxvYXQlM0ElMjBsZWZ0JTNCJTI3JTNFJTNDaSUyMGNsYXNzJTNEJTIyZmElMjBmYS1tb2JpbGUlMjIlM0UlM0MlMkZpJTNFJTIwJTI4JTJCMzcyJTI5JTIwNTElMjA5MzYlMjAwMDUlM0MlMkZhJTNFJTIwJTIwJTIwJTIwJTBBJTIwJTIwJTIwJTIwJTNDZGl2JTIwc3R5bGUlM0QlMjJkaXNwbGF5JTNBJTIwaW5saW5lLWJsb2NrJTNCJTIyJTNFJTBBJTIwJTIwJTIwJTIwJTIwJTIwJTNDYSUyMGhyZWYlM0QlMjd2aWJlciUzQSUyRiUyRmNoYXQlM0ZudW1iZXIlM0QlMkIzNzI1MTkzNjAwNSUyNyUyMHN0eWxlJTNEJTIybWFyZ2luLWxlZnQlM0ElMjAxMHB4JTNCJTIyJTNFJTNDaW1nJTIwc3JjJTNEJTI3JTJGd3AtY29udGVudCUyRnVwbG9hZHMlMkYyMDIyJTJGMDQlMkZ2aWJlci1pY29uLnBuZyUyNyUyMGNsYXNzJTNEJTI3Y2hhdC1pY29ucyUyNyUyMCUyRiUzRSUzQyUyRmElM0UlMEElMjAlMjAlMjAlMjAlMjAlMjAlM0NhJTIwaHJlZiUzRCUyN2h0dHBzJTNBJTJGJTJGd2EubWUlMkYlMkIzNzI1MTkzNjAwNSUyNyUyMHRhcmdldCUzRCUyMl9ibGFuayUyMiUyMHN0eWxlJTNEJTIybWFyZ2luLWxlZnQlM0ElMjAxMHB4JTNCJTIyJTNFJTNDaW1nJTIwc3JjJTNEJTI3JTJGd3AtY29udGVudCUyRnVwbG9hZHMlMkYyMDIyJTJGMDQlMkZ3aGF0c2FwcC1pY29uLnBuZyUyNyUyMGNsYXNzJTNEJTI3Y2hhdC1pY29ucyUyNyUyMCUyRiUzRSUzQyUyRmElM0UlMEElMjAlMjAlMjAlMjAlMjAlMjAlM0NhJTIwaHJlZiUzRCUyN2h0dHBzJTNBJTJGJTJGdC5tZSUyRlN0YWJpbWVyJTI3JTIwdGFyZ2V0JTNEJTIyX2JsYW5rJTIyJTIwc3R5bGUlM0QlMjJtYXJnaW4tbGVmdCUzQSUyMDEwcHglM0IlMjIlM0UlM0NpbWclMjBzcmMlM0QlMjclMkZ3cC1jb250ZW50JTJGdXBsb2FkcyUyRjIwMjIlMkYwNCUyRnRlbGVncmFtLWljb24ucG5nJTI3JTIwY2xhc3MlM0QlMjdjaGF0LWljb25zJTI3JTIwJTJGJTNFJTNDJTJGYSUzRSUwQSUyMCUyMCUyMCUyMCUzQyUyRmRpdiUzRSUwQSUzQyUyRmxpJTNFJTBBJTBBJTBBJTIwJTA5JTNDbGklM0UlM0NhJTIwaHJlZiUzRCUyMnRlbCUzQSUyQjM3MjY1MDUwMzUlMjIlM0UlM0NpJTIwY2xhc3MlM0QlMjJmYSUyMGZhLXBob25lJTIyJTNFJTNDJTJGaSUzRSUyMCUyOCUyQjM3MiUyOSUyMDY1JTIwMDUlMjAwMzUlM0MlMkZhJTNFJTNDJTJGbGklM0UlMEElMjAlMDklM0NsaSUzRSUzQ2ElMjBocmVmJTNEJTIybWFpbHRvJTNBanVyaXN0JTQwc3RhYmltZXIuZWUlMjIlM0UlM0NpJTIwY2xhc3MlM0QlMjJmYSUyMGZhLWVudmVsb3BlLW8lMjIlM0UlM0MlMkZpJTNFJTIwanVyaXN0JTQwc3RhYmltZXIuZWUlM0MlMkZhJTNFJTNDJTJGbGklM0UlMEElMjAlMDklM0NsaSUzRSUzQ2ElMjBocmVmJTNEJTIyaHR0cHMlM0ElMkYlMkZ0ZWFtcy5taWNyb3NvZnQuY29tJTJGJTIyJTIwdGFyZ2V0JTNEJTIyX2JsYW5rJTIyJTNFJTNDaW1nJTIwc3JjJTNEJTIyaHR0cHMlM0ElMkYlMkZqdXJpc3Quc3RhYmltZXIuZWUlMkZ3cC1jb250ZW50JTJGdXBsb2FkcyUyRjIwMjUlMkYwNSUyRnRlYW1zLnBuZyUyMiUyMGFsdCUzRCUyMlRlYW1zJTIyJTIwc3R5bGUlM0QlMjJ3aWR0aCUzQSUyMDIwcHglM0IlMjBoZWlnaHQlM0ElMjAyMHB4JTNCJTIwdmVydGljYWwtYWxpZ24lM0ElMjBtaWRkbGUlM0IlMjBtYXJnaW4tcmlnaHQlM0ElMjA0cHglM0IlMjIlM0VqdXJpc3QlNDBzdGFiaW1lci5lZSUzQyUyRmElM0UlM0MlMkZsaSUzRSUyMCUwQSUyMCUwOSUzQ2xpJTNFJTNDaSUyMGNsYXNzJTNEJTIyZmElMjBmYS1jbG9jay1vJTIyJTNFJTNDJTJGaSUzRSUyME1vbmRheSUyMC0lMjBGcmlkYXklMjAwOSUzQTAwJTIwLSUyMDE3JTNBMDAlM0MlMkZsaSUzRSUwQSUyMCUwOSUzQ2xpJTNFJTNDaSUyMGNsYXNzJTNEJTIyZmElMjBmYS1jbG9jay1vJTIyJTNFJTNDJTJGaSUzRSUyMFNhdHVyZGF5JTIwLSUyMFN1bmRheSUyMCUzQ3NwYW4lMjBzdHlsZSUzRCUyN2ZvbnQtd2VpZ2h0JTNBNjAwJTNCdGV4dC1kZWNvcmF0aW9uJTNBdW5kZXJsaW5lJTNCJTI3JTNFYnklMjBhZ3JlZW1lbnQlM0MlMkZzcGFuJTNFJTNDJTJGbGklM0UlMEElM0MlMkZ1bCUzRSUwQSUzQyUyRmRpdiUzRQ==[\/vc_raw_html][\/vc_column_inner][vc_column_inner width=&#8221;1\/2&#8243;][vc_column_text]<\/p>\n<h3>Stabimer \u00d5igusb\u00fcroo O\u00dc<\/h3>\n<p>Registrikood: 11811374<br \/>\n<span style=\"font-weight: 400;\">KMKR:<\/span><span style=\"font-weight: 400;\"> EE101376455<\/span><\/p>\n<p><strong>AS SEB Pank<\/strong><br \/>\nSEB Pank: Tornim\u00e4e 2, Tallinn, 15010<br \/>\nIBAN: EE 601 010 220 109 070 015<br \/>\nBIC: EEUHEE2X<\/p>\n<p><strong>Swedbank AS<\/strong><br \/>\nSWED Pank: Liivalaia 8, Tallinn, 15040<br \/>\nIBAN: EE 252 200 221 061 805 382<br \/>\nBIC: HABAEE2X[\/vc_column_text][\/vc_column_inner][\/vc_row_inner][vc_separator color=&#8221;#cccccc&#8221; width_in_percentages=&#8221;yes&#8221; css=&#8221;.vc_custom_1455889354379{margin-top: 5% !important;margin-bottom: 5% !important;}&#8221;][vc_column_text]<\/p>\n<h3 style=\"text-align: left;\" align=\"center\"><i class=\"fa fa-car\"><\/i> <strong>NB!<\/strong>\u00a0Big parking place in court<\/h3>\n<p>The closest spacious parking lot is just 100 metres away, near the Kristiine Shopping Centre.[\/vc_column_text][vc_separator color=&#8221;#cccccc&#8221; width_in_percentages=&#8221;yes&#8221; css=&#8221;.vc_custom_1455889354379{margin-top: 5% !important;margin-bottom: 5% !important;}&#8221;][vc_column_text css=&#8221;.vc_custom_1512378548072{margin-bottom: 40px !important;}&#8221;]<\/p>\n<h3><strong>By public transport<\/strong><\/h3>\n<p><strong>From Kesklinn:<\/strong> Bus number 16, number 17, number 17A, number 23, stop \u00abTaksopark\u00bb<br \/>\n<strong>From Mustam\u00e4e:<\/strong> Trolleybus number 3, number 4, stop \u00abTaksopark\u00bb<br \/>\nBus number 16, number 17, number 17A, number 23, number 24, number 24A, stop \u00abTaksopark\u00bb<br \/>\n<strong>From \u00d5ism\u00e4e:<\/strong> Bus number 16, number 47, number 42, stop \u00abTaksopark\u00bb<br \/>\n<strong>From Kopli:<\/strong> Bus number 32, number 72, stop \u00ab\u00dclase\u00bb \/ \u00abTaksopark\u00bb[\/vc_column_text][\/vc_column][vc_column width=&#8221;1\/2&#8243; offset=&#8221;vc_hidden-md vc_hidden-sm vc_hidden-xs&#8221;][vc_column_text]\n            <div \n                class=\"elfsight-widget-google-maps elfsight-widget\" \n                data-elfsight-google-maps-options=\"%7B%22categoriesEnabled%22%3Afalse%2C%22categories%22%3A%5B%5D%2C%22icons%22%3A%5B%5D%2C%22lang%22%3A%22en%22%2C%22distanceUnits%22%3A%22km%22%2C%22markers%22%3A%5B%7B%22position%22%3A%2259.428747%2C%2024.720097%22%2C%22coordinates%22%3A%2259.428747%2C%2024.720097%22%2C%22icon%22%3A%22default%22%2C%22iconUrl%22%3A%22%22%2C%22infoWindow%22%3Atrue%2C%22infoTitle%22%3A%22Stabimer%20%5Cu00d5igusb%5Cu00fcroo%20O%5Cu00dc%22%2C%22infoDescription%22%3A%22%22%2C%22infoImage%22%3A%22https%3A%5C%2F%5C%2Fjurist.stabimer.ee%5C%2Fwp-content%5C%2Fuploads%5C%2F2019%5C%2F06%5C%2F1.jpg%22%2C%22infoAddress%22%3A%22Tulika%2019c%2C%2010613%20Tallinn%22%2C%22infoSite%22%3A%22%22%2C%22infoPhone%22%3A%22%22%2C%22infoEmail%22%3A%22%22%2C%22infoWorkingHours%22%3A%22%22%2C%22infoWindowOpenedByDefault%22%3Atrue%2C%22markerClickAction%22%3A%22infoWindow%22%2C%22animation%22%3A%22drop%22%2C%22linkUrl%22%3A%22%22%2C%22category%22%3A%22%22%7D%5D%2C%22mapType%22%3A%22roadmap%22%2C%22center%22%3A%22auto%22%2C%22zoom%22%3A%22auto%22%2C%22controls%22%3A%5B%22zoom%22%2C%22mapType%22%2C%22streetView%22%2C%22rotate%22%2C%22fullScreen%22%2C%22scale%22%5D%2C%22markerClusterEnabled%22%3Afalse%2C%22markerClusterZoom%22%3Afalse%2C%22markerClusterMin%22%3A2%2C%22markerClusterIcon%22%3A%22default%22%2C%22markerClusterIconColor%22%3A%22%22%2C%22markerClusterIconUrl%22%3Anull%2C%22markerClusterSize%22%3A52%2C%22infoDirections%22%3Atrue%2C%22directionsTarget%22%3A%22inline%22%2C%22scrollwheel%22%3Afalse%2C%22draggable%22%3Atrue%2C%22layers%22%3A%5B%5D%2C%22width%22%3A%22auto%22%2C%22height%22%3A%221250%22%2C%22panelEnabled%22%3Afalse%2C%22panelOpenByDefault%22%3Atrue%2C%22panelSearchVisible%22%3Atrue%2C%22panelSearchBy%22%3A%22markers%22%2C%22panelSearchPlaceholder%22%3A%22%22%2C%22panelListItemElements%22%3A%5B%22title%22%2C%22category%22%2C%22image%22%2C%22address%22%2C%22phone%22%2C%22workingHours%22%5D%2C%22mainColor%22%3A%22rgb%28140%2C%2053%2C%2012%29%22%2C%22style%22%3A%22default%22%2C%22colorGeometry%22%3A%22%22%2C%22colorLabelsTextFill%22%3A%22%22%2C%22colorLabelsTextStroke%22%3A%22%22%2C%22colorAdministrativeGeometryStroke%22%3A%22%22%2C%22colorAdministrativeLandParcel%22%3A%22%22%2C%22colorLandscapeNaturalGeometry%22%3A%22%22%2C%22colorPoiGeometry%22%3A%22%22%2C%22colorPoiLabelsTextFill%22%3A%22%22%2C%22colorPoiParkGeometryFill%22%3A%22%22%2C%22colorPoiParkLabelsTextFill%22%3A%22%22%2C%22colorRoadGeometry%22%3A%22%22%2C%22colorRoadArterial%22%3A%22%22%2C%22colorRoadHighway%22%3A%22%22%2C%22colorRoadHighwayGeometryStroke%22%3A%22%22%2C%22colorRoadHighwayControlledAccessGeometry%22%3A%22%22%2C%22colorRoadHighwayControlledAccessGeometryStroke%22%3A%22%22%2C%22colorRoadLocalLabelsTextFill%22%3A%22%22%2C%22colorTransitLineGeometry%22%3A%22%22%2C%22colorTransitLineLabelsTextFill%22%3A%22%22%2C%22colorTransitLineLabelsTextStroke%22%3A%22%22%2C%22colorTransitStationGeometry%22%3A%22%22%2C%22colorWaterGeometryFill%22%3A%22%22%2C%22colorWaterLabelTextFill%22%3A%22%22%2C%22customGoogleMapsStyles%22%3A%22%22%2C%22apiKey%22%3A%22AIzaSyB16NRv4YHOhO4cKtPdVExUYrbtDBg0rL4%22%2C%22widgetId%22%3A%221%22%7D\" \n                data-elfsight-google-maps-version=\"2.2.0\"\n                data-elfsight-widget-id=\"elfsight-google-maps-1\">\n            <\/div>\n            [\/vc_column_text][\/vc_column][\/vc_row]<\/p>\n<\/div>","protected":false},"excerpt":{"rendered":"<p>[vc_row full_width=&#8221;stretch_row_content_no_spaces&#8221; equal_height=&#8221;yes&#8221; clean_padding=&#8221;sm&#8221; css=&#8221;.vc_custom_1458133381863{margin-top: 40px !important;padding-top: 40px !important;}&#8221;][vc_column width=&#8221;1\/2&#8243; resoinsive_indent=&#8221;xs&#8221; css=&#8221;.vc_custom_1479479471562{padding-right: 60px !important;padding-left: 60px !important;}&#8221; offset=&#8221;vc_col-lg-6 vc_col-md-12 vc_col-xs-12&#8243;][vc_empty_space height=&#8221;50&#8243;][vc_custom_heading text=&#8221;Contacts&#8221; google_fonts=&#8221;font_family:Open%20Sans%3A300%2C300italic%2Cregular%2Citalic%2C600%2C600italic%2C700%2C700italic%2C800%2C800italic|font_style:800%20bold%20regular%3A800%3Anormal&#8221; font_container=&#8221;tag:h1|font_size:70|text_align:left|color:%238c350c&#8221; font_title_responsive=&#8221;true&#8221;][vc_empty_space height=&#8221;20&#8243;][vc_row_inner css=&#8221;.vc_custom_1455893069929{margin-top: 10px !important;margin-bottom: 30px !important;}&#8221;][vc_column_inner [&hellip;]<\/p>\n","protected":false},"author":1,"featured_media":0,"parent":0,"menu_order":0,"comment_status":"closed","ping_status":"closed","template":"","meta":{"footnotes":""},"class_list":["post-10459","page","type-page","status-publish","hentry"],"_links":{"self":[{"href":"https:\/\/jurist.stabimer.ee\/en\/wp-json\/wp\/v2\/pages\/10459","targetHints":{"allow":["GET"]}}],"collection":[{"href":"https:\/\/jurist.stabimer.ee\/en\/wp-json\/wp\/v2\/pages"}],"about":[{"href":"https:\/\/jurist.stabimer.ee\/en\/wp-json\/wp\/v2\/types\/page"}],"author":[{"embeddable":true,"href":"https:\/\/jurist.stabimer.ee\/en\/wp-json\/wp\/v2\/users\/1"}],"replies":[{"embeddable":true,"href":"https:\/\/jurist.stabimer.ee\/en\/wp-json\/wp\/v2\/comments?post=10459"}],"version-history":[{"count":2,"href":"https:\/\/jurist.stabimer.ee\/en\/wp-json\/wp\/v2\/pages\/10459\/revisions"}],"predecessor-version":[{"id":16342,"href":"https:\/\/jurist.stabimer.ee\/en\/wp-json\/wp\/v2\/pages\/10459\/revisions\/16342"}],"wp:attachment":[{"href":"https:\/\/jurist.stabimer.ee\/en\/wp-json\/wp\/v2\/media?parent=10459"}],"curies":[{"name":"wp","href":"https:\/\/api.w.org\/{rel}","templated":true}]}}